{"id":83353,"date":"2023-10-17T18:56:34","date_gmt":"2023-10-17T17:56:34","guid":{"rendered":"https:\/\/www.fundacioncristinamasaveu.com\/tienda\/coleccion-masaveu-objeto-y-naturaleza-en\/"},"modified":"2026-01-13T14:04:58","modified_gmt":"2026-01-13T13:04:58","slug":"coleccion-masaveu-objeto-y-naturaleza-en","status":"publish","type":"product","link":"https:\/\/www.fundacioncristinamasaveu.com\/en\/tienda\/coleccion-masaveu-objeto-y-naturaleza-en\/","title":{"rendered":"Masaveu Colection. Object and Nature: Still lifes and flowers paintings of the 17th and 18 th centuries"},"content":{"rendered":"<section class=\"l-section wpb_row height_auto width_full\"><div class=\"l-section-h i-cf\"><div class=\"g-cols vc_row via_flex valign_top type_boxes stacking_default\"><div class=\"vc_col-sm-12 wpb_column vc_column_container\"><div class=\"vc_column-inner us_custom_923a13e9\"><div class=\"wpb_wrapper\">[vc_custom_heading text=&#8221;THE BOOK&#8221; font_container=&#8221;tag:h5|text_align:left&#8221; use_theme_fonts=&#8221;yes&#8221; el_class=&#8221;tituloseccion&#8221;]<div class=\"w-grid us_grid type_grid layout_gallery_default cols_4 preload_style_spinner\" id=\"us_grid_1\" style=\"--columns:4;--gap:0px;\" data-filterable=\"true\"><style>@media (max-width:1280px){#us_grid_1{--columns:3!important}}@media (max-width:1024px){#us_grid_1{--columns:2!important}}@media (max-width:600px){#us_grid_1{--columns:1!important}}.layout_gallery_default .w-grid-item-h{}<\/style><div class=\"w-grid-list\">\t<article class=\"w-grid-item size_1x1 post-71289 attachment type-attachment status-inherit hentry\" data-id=\"71289\">\r\n\t\t<div class=\"w-grid-item-h\">\r\n\t\t\t\t\t\t\t<a ref=\"magnificPopupGrid\" href=\"https:\/\/www.fundacioncristinamasaveu.com\/wp-content\/uploads\/2022\/12\/Objeto-y-Naturaleza-10-2-scaled.jpg\" class=\"w-grid-item-anchor\" aria-label=\"Objeto y Naturaleza 10\"><\/a>\r\n\t\t\t\t\t\t<div class=\"w-post-elm post_image usg_post_image_1 stretched\"><img loading=\"lazy\" decoding=\"async\" width=\"300\" height=\"200\" src=\"https:\/\/www.fundacioncristinamasaveu.com\/wp-content\/uploads\/2022\/12\/Objeto-y-Naturaleza-10-2-300x200.jpg\" class=\"attachment-medium size-medium\" alt=\"\" srcset=\"https:\/\/www.fundacioncristinamasaveu.com\/wp-content\/uploads\/2022\/12\/Objeto-y-Naturaleza-10-2-300x200.jpg 300w, https:\/\/www.fundacioncristinamasaveu.com\/wp-content\/uploads\/2022\/12\/Objeto-y-Naturaleza-10-2-1024x683.jpg 1024w, https:\/\/www.fundacioncristinamasaveu.com\/wp-content\/uploads\/2022\/12\/Objeto-y-Naturaleza-10-2-600x400.jpg 600w, https:\/\/www.fundacioncristinamasaveu.com\/wp-content\/uploads\/2022\/12\/Objeto-y-Naturaleza-10-2-768x512.jpg 768w\" sizes=\"auto, (max-width: 300px) 100vw, 300px\" \/><\/div>\t\t<\/div>\r\n\t\t\t<\/article>\r\n\t<article class=\"w-grid-item size_1x1 post-71286 attachment type-attachment status-inherit hentry\" data-id=\"71286\">\r\n\t\t<div class=\"w-grid-item-h\">\r\n\t\t\t\t\t\t\t<a ref=\"magnificPopupGrid\" href=\"https:\/\/www.fundacioncristinamasaveu.com\/wp-content\/uploads\/2022\/12\/Objeto-y-Naturaleza-03-1-scaled.jpg\" class=\"w-grid-item-anchor\" aria-label=\"Objeto y Naturaleza 03\"><\/a>\r\n\t\t\t\t\t\t<div class=\"w-post-elm post_image usg_post_image_1 stretched\"><img loading=\"lazy\" decoding=\"async\" width=\"300\" height=\"200\" src=\"https:\/\/www.fundacioncristinamasaveu.com\/wp-content\/uploads\/2022\/12\/Objeto-y-Naturaleza-03-1-300x200.jpg\" class=\"attachment-medium size-medium\" alt=\"\" srcset=\"https:\/\/www.fundacioncristinamasaveu.com\/wp-content\/uploads\/2022\/12\/Objeto-y-Naturaleza-03-1-300x200.jpg 300w, https:\/\/www.fundacioncristinamasaveu.com\/wp-content\/uploads\/2022\/12\/Objeto-y-Naturaleza-03-1-1024x683.jpg 1024w, https:\/\/www.fundacioncristinamasaveu.com\/wp-content\/uploads\/2022\/12\/Objeto-y-Naturaleza-03-1-600x400.jpg 600w, https:\/\/www.fundacioncristinamasaveu.com\/wp-content\/uploads\/2022\/12\/Objeto-y-Naturaleza-03-1-768x512.jpg 768w\" sizes=\"auto, (max-width: 300px) 100vw, 300px\" \/><\/div>\t\t<\/div>\r\n\t\t\t<\/article>\r\n\t<article class=\"w-grid-item size_1x1 post-71280 attachment type-attachment status-inherit hentry\" data-id=\"71280\">\r\n\t\t<div class=\"w-grid-item-h\">\r\n\t\t\t\t\t\t\t<a ref=\"magnificPopupGrid\" href=\"https:\/\/www.fundacioncristinamasaveu.com\/wp-content\/uploads\/2022\/12\/Objeto-y-Naturaleza-06-1-scaled.jpg\" class=\"w-grid-item-anchor\" aria-label=\"Objeto y Naturaleza 06\"><\/a>\r\n\t\t\t\t\t\t<div class=\"w-post-elm post_image usg_post_image_1 stretched\"><img loading=\"lazy\" decoding=\"async\" width=\"300\" height=\"200\" src=\"https:\/\/www.fundacioncristinamasaveu.com\/wp-content\/uploads\/2022\/12\/Objeto-y-Naturaleza-06-1-300x200.jpg\" class=\"attachment-medium size-medium\" alt=\"\" srcset=\"https:\/\/www.fundacioncristinamasaveu.com\/wp-content\/uploads\/2022\/12\/Objeto-y-Naturaleza-06-1-300x200.jpg 300w, https:\/\/www.fundacioncristinamasaveu.com\/wp-content\/uploads\/2022\/12\/Objeto-y-Naturaleza-06-1-1024x683.jpg 1024w, https:\/\/www.fundacioncristinamasaveu.com\/wp-content\/uploads\/2022\/12\/Objeto-y-Naturaleza-06-1-600x400.jpg 600w, https:\/\/www.fundacioncristinamasaveu.com\/wp-content\/uploads\/2022\/12\/Objeto-y-Naturaleza-06-1-768x512.jpg 768w\" sizes=\"auto, (max-width: 300px) 100vw, 300px\" \/><\/div>\t\t<\/div>\r\n\t\t\t<\/article>\r\n\t<article class=\"w-grid-item size_1x1 post-71274 attachment type-attachment status-inherit hentry\" data-id=\"71274\">\r\n\t\t<div class=\"w-grid-item-h\">\r\n\t\t\t\t\t\t\t<a ref=\"magnificPopupGrid\" href=\"https:\/\/www.fundacioncristinamasaveu.com\/wp-content\/uploads\/2022\/12\/Objeto-y-Naturaleza-12-scaled.jpg\" class=\"w-grid-item-anchor\" aria-label=\"Objeto y Naturaleza 12\"><\/a>\r\n\t\t\t\t\t\t<div class=\"w-post-elm post_image usg_post_image_1 stretched\"><img loading=\"lazy\" decoding=\"async\" width=\"300\" height=\"200\" src=\"https:\/\/www.fundacioncristinamasaveu.com\/wp-content\/uploads\/2022\/12\/Objeto-y-Naturaleza-12-300x200.jpg\" class=\"attachment-medium size-medium\" alt=\"\" srcset=\"https:\/\/www.fundacioncristinamasaveu.com\/wp-content\/uploads\/2022\/12\/Objeto-y-Naturaleza-12-300x200.jpg 300w, https:\/\/www.fundacioncristinamasaveu.com\/wp-content\/uploads\/2022\/12\/Objeto-y-Naturaleza-12-1024x683.jpg 1024w, https:\/\/www.fundacioncristinamasaveu.com\/wp-content\/uploads\/2022\/12\/Objeto-y-Naturaleza-12-600x400.jpg 600w, https:\/\/www.fundacioncristinamasaveu.com\/wp-content\/uploads\/2022\/12\/Objeto-y-Naturaleza-12-768x512.jpg 768w\" sizes=\"auto, (max-width: 300px) 100vw, 300px\" \/><\/div>\t\t<\/div>\r\n\t\t\t<\/article>\r\n<\/div>\t<div class=\"w-grid-preloader\">\r\n\t\t<div class=\"g-preloader type_1\">\r\n\t\t\t<div><\/div>\r\n\t\t<\/div>\r\n\t<\/div>\r\n\t\t<div class=\"w-grid-json hidden\" onclick='return {&quot;action&quot;:&quot;us_ajax_grid&quot;,&quot;infinite_scroll&quot;:0,&quot;max_num_pages&quot;:1,&quot;pagination&quot;:&quot;none&quot;,&quot;template_vars&quot;:{&quot;columns&quot;:&quot;4&quot;,&quot;exclude_items&quot;:&quot;none&quot;,&quot;img_size&quot;:&quot;medium&quot;,&quot;ignore_items_size&quot;:0,&quot;items_layout&quot;:&quot;gallery_default&quot;,&quot;items_offset&quot;:&quot;1&quot;,&quot;load_animation&quot;:&quot;none&quot;,&quot;overriding_link&quot;:&quot;%7B%22type%22%3A%22popup_image%22%7D&quot;,&quot;post_id&quot;:0,&quot;query_args&quot;:{&quot;post_type&quot;:[&quot;attachment&quot;],&quot;post__in&quot;:[&quot;71288&quot;,&quot;71285&quot;,&quot;71279&quot;,&quot;71273&quot;],&quot;post_status&quot;:&quot;inherit&quot;,&quot;post_mime_type&quot;:&quot;image&quot;,&quot;posts_per_page&quot;:&quot;50&quot;},&quot;orderby_query_args&quot;:{&quot;orderby&quot;:{&quot;post__in&quot;:&quot;ASC&quot;},&quot;order&quot;:&quot;ASC&quot;},&quot;type&quot;:&quot;grid&quot;,&quot;us_grid_post_type&quot;:&quot;attachment&quot;,&quot;us_grid_ajax_index&quot;:1,&quot;us_grid_filter_query_string&quot;:null,&quot;us_grid_index&quot;:1,&quot;page_args&quot;:[],&quot;lang&quot;:&quot;en&quot;}}'><\/div>\r\n\t<\/div><div class=\"w-sharing type_simple align_center color_default\"><div class=\"w-sharing-list\" data-content-image=\"true\"><a class=\"w-sharing-item email\" href=\"mailto:?subject=Objeto+y+Naturaleza+12&amp;body=https:\/\/www.fundacioncristinamasaveu.com\/en\/wp-json\/wp\/v2\/product\/83353\" title=\"Email this\" aria-label=\"Email this\"><i class=\"fas fa-envelope\"><\/i><\/a><a class=\"w-sharing-item facebook\" href=\"https:\/\/www.facebook.com\/sharer\/sharer.php?u=https:\/\/www.fundacioncristinamasaveu.com\/en\/wp-json\/wp\/v2\/product\/83353&amp;quote=Objeto+y+Naturaleza+12\" title=\"Share this\" aria-label=\"Share this\" onclick=\"window.open(this.href, &quot;facebook&quot;, &quot;toolbar=0,width=900,height=500&quot;); return false;\"><i class=\"fab fa-facebook\"><\/i><\/a><a class=\"w-sharing-item twitter\" href=\"https:\/\/twitter.com\/intent\/tweet?text=Objeto+y+Naturaleza+12&amp;url=https:\/\/www.fundacioncristinamasaveu.com\/en\/wp-json\/wp\/v2\/product\/83353\" title=\"Share this\" aria-label=\"Share this\" onclick=\"window.open(this.href, &quot;twitter&quot;, &quot;toolbar=0,width=650,height=360&quot;); return false;\"><i class=\"fab fa-x-twitter\"><svg style=\"width:1em; margin-bottom:-.1em;\" xmlns=\"http:\/\/www.w3.org\/2000\/svg\" viewBox=\"0 0 512 512\" role=\"presentation\"><path fill=\"currentColor\" d=\"M389.2 48h70.6L305.6 224.2 487 464H345L233.7 318.6 106.5 464H35.8L200.7 275.5 26.8 48H172.4L272.9 180.9 389.2 48zM364.4 421.8h39.1L151.1 88h-42L364.4 421.8z\"\/><\/svg><\/i><\/a><a class=\"w-sharing-item whatsapp\" href=\"https:\/\/web.whatsapp.com\/send?text=Objeto+y+Naturaleza+12 https:\/\/www.fundacioncristinamasaveu.com\/en\/wp-json\/wp\/v2\/product\/83353\" title=\"Share this\" aria-label=\"Share this\" onclick=\"window.open(this.href, &quot;whatsapp&quot;, &quot;toolbar=0,width=900,height=500&quot;); return false;\"><i class=\"fab fa-whatsapp\"><\/i><\/a><\/div><\/div><\/div><\/div><\/div><\/div><\/div><\/section>\n<div class=\"gsp_post_data\" \r\n\t            data-post_type=\"product\" \r\n\t            data-cat=\"\" \r\n\t            data-modified=\"120\"\r\n\t            data-created=\"1697568994\"\r\n\t            data-title=\"Masaveu Colection. Object and Nature: Still lifes and flowers paintings of the 17th and 18 th centuries\" \r\n\t            data-home=\"https:\/\/www.fundacioncristinamasaveu.com\/en\/\"><\/div>","protected":false},"excerpt":{"rendered":"<p><span style=\"color: #000000;\"><strong>Editor:<\/strong> <\/span>Fundaci\u00f3n Mar\u00eda Cristina Masaveu Peterson<br \/>\n<strong><span style=\"color: #000000;\">Autores: <\/span><\/strong> \u00c1ngel Aterido<br \/>\n<strong><span style=\"color: #000000;\">Dise\u00f1o Gr\u00e1fico: <\/span><\/strong> \u00c1ngel Rodr\u00edguez<br \/>\n<strong><span style=\"color: #000000;\">Idioma:<\/span><\/strong> Ingl\u00e9s<br \/>\n<strong><span style=\"color: #000000;\">Categor\u00eda:<\/span><\/strong> Arte<br \/>\n<strong><span style=\"color: #000000;\">Caracter\u00edsticas:<\/span><\/strong> P\u00e1ginas: 160. Formato: 25 x 17 x 2 cm. Encuadernaci\u00f3n carton\u00e9, tapa dura.<br \/>\n<strong><span style=\"color: #000000;\">Dep\u00f3sito Legal: <\/span><\/strong>M-17419-2023<br \/>\n<strong><span style=\"color: #000000;\">ISBN:<\/span><\/strong> 978-84-09-50035-2<\/p>\n","protected":false},"featured_media":71289,"comment_status":"open","ping_status":"closed","template":"","meta":{"_acf_changed":false,"_links_to":"","_links_to_target":""},"product_brand":[],"product_cat":[402,396],"product_tag":[],"class_list":{"0":"post-83353","1":"product","2":"type-product","3":"status-publish","4":"has-post-thumbnail","6":"product_cat-arte","7":"product_cat-todas","9":"first","10":"instock","11":"taxable","12":"shipping-taxable","13":"purchasable","14":"product-type-simple"},"acf":[],"yoast_head":"<!-- This site is optimized with the Yoast SEO plugin v27.3 - https:\/\/yoast.com\/product\/yoast-seo-wordpress\/ -->\n<title>Masaveu Colection. Object and Nature: Still lifes and flowers paintings of the 17th and 18 th centuries<\/title>\n<meta name=\"description\" content=\"Publicaci\u00f3n de la exposici\u00f3n \u00abColecci\u00f3n Masaveu. Objeto y naturaleza. Bodegones y floreros de los siglos XVII y XVIII\u00bb.\" \/>\n<meta name=\"robots\" content=\"index, follow, max-snippet:-1, max-image-preview:large, max-video-preview:-1\" \/>\n<link rel=\"canonical\" href=\"https:\/\/www.fundacioncristinamasaveu.com\/en\/tienda\/coleccion-masaveu-objeto-y-naturaleza-en\/\" \/>\n<meta property=\"og:locale\" content=\"en_US\" \/>\n<meta property=\"og:type\" content=\"article\" \/>\n<meta property=\"og:title\" content=\"Masaveu Colection. Object and Nature: Still lifes and flowers paintings of the 17th and 18 th centuries\" \/>\n<meta property=\"og:description\" content=\"Publicaci\u00f3n de la exposici\u00f3n \u00abColecci\u00f3n Masaveu. Objeto y naturaleza. Bodegones y floreros de los siglos XVII y XVIII\u00bb.\" \/>\n<meta property=\"og:url\" content=\"https:\/\/www.fundacioncristinamasaveu.com\/en\/tienda\/coleccion-masaveu-objeto-y-naturaleza-en\/\" \/>\n<meta property=\"og:site_name\" content=\"Fundaci\u00f3n Maria Cristina Masaveu Peterson\" \/>\n<meta property=\"article:modified_time\" content=\"2026-01-13T13:04:58+00:00\" \/>\n<meta property=\"og:image\" content=\"https:\/\/www.fundacioncristinamasaveu.com\/wp-content\/uploads\/2022\/12\/Objeto-y-Naturaleza-10-2-scaled.jpg\" \/>\n\t<meta property=\"og:image:width\" content=\"2560\" \/>\n\t<meta property=\"og:image:height\" content=\"1707\" \/>\n\t<meta property=\"og:image:type\" content=\"image\/jpeg\" \/>\n<meta name=\"twitter:card\" content=\"summary_large_image\" \/>\n<meta name=\"twitter:label1\" content=\"Est. reading time\" \/>\n\t<meta name=\"twitter:data1\" content=\"1 minute\" \/>\n<script type=\"application\/ld+json\" class=\"yoast-schema-graph\">{\"@context\":\"https:\\\/\\\/schema.org\",\"@graph\":[{\"@type\":\"WebPage\",\"@id\":\"https:\\\/\\\/www.fundacioncristinamasaveu.com\\\/en\\\/tienda\\\/coleccion-masaveu-objeto-y-naturaleza-en\\\/\",\"url\":\"https:\\\/\\\/www.fundacioncristinamasaveu.com\\\/en\\\/tienda\\\/coleccion-masaveu-objeto-y-naturaleza-en\\\/\",\"name\":\"Masaveu Colection. Object and Nature: Still lifes and flowers paintings of the 17th and 18 th centuries\",\"isPartOf\":{\"@id\":\"https:\\\/\\\/www.fundacioncristinamasaveu.com\\\/#website\"},\"primaryImageOfPage\":{\"@id\":\"https:\\\/\\\/www.fundacioncristinamasaveu.com\\\/en\\\/tienda\\\/coleccion-masaveu-objeto-y-naturaleza-en\\\/#primaryimage\"},\"image\":{\"@id\":\"https:\\\/\\\/www.fundacioncristinamasaveu.com\\\/en\\\/tienda\\\/coleccion-masaveu-objeto-y-naturaleza-en\\\/#primaryimage\"},\"thumbnailUrl\":\"https:\\\/\\\/www.fundacioncristinamasaveu.com\\\/wp-content\\\/uploads\\\/2022\\\/12\\\/Objeto-y-Naturaleza-10-2-scaled.jpg\",\"datePublished\":\"2023-10-17T17:56:34+00:00\",\"dateModified\":\"2026-01-13T13:04:58+00:00\",\"description\":\"Publicaci\u00f3n de la exposici\u00f3n \u00abColecci\u00f3n Masaveu. Objeto y naturaleza. Bodegones y floreros de los siglos XVII y XVIII\u00bb.\",\"breadcrumb\":{\"@id\":\"https:\\\/\\\/www.fundacioncristinamasaveu.com\\\/en\\\/tienda\\\/coleccion-masaveu-objeto-y-naturaleza-en\\\/#breadcrumb\"},\"inLanguage\":\"en-US\",\"potentialAction\":[{\"@type\":\"ReadAction\",\"target\":[\"https:\\\/\\\/www.fundacioncristinamasaveu.com\\\/en\\\/tienda\\\/coleccion-masaveu-objeto-y-naturaleza-en\\\/\"]}]},{\"@type\":\"ImageObject\",\"inLanguage\":\"en-US\",\"@id\":\"https:\\\/\\\/www.fundacioncristinamasaveu.com\\\/en\\\/tienda\\\/coleccion-masaveu-objeto-y-naturaleza-en\\\/#primaryimage\",\"url\":\"https:\\\/\\\/www.fundacioncristinamasaveu.com\\\/wp-content\\\/uploads\\\/2022\\\/12\\\/Objeto-y-Naturaleza-10-2-scaled.jpg\",\"contentUrl\":\"https:\\\/\\\/www.fundacioncristinamasaveu.com\\\/wp-content\\\/uploads\\\/2022\\\/12\\\/Objeto-y-Naturaleza-10-2-scaled.jpg\",\"width\":2560,\"height\":1707},{\"@type\":\"BreadcrumbList\",\"@id\":\"https:\\\/\\\/www.fundacioncristinamasaveu.com\\\/en\\\/tienda\\\/coleccion-masaveu-objeto-y-naturaleza-en\\\/#breadcrumb\",\"itemListElement\":[{\"@type\":\"ListItem\",\"position\":1,\"name\":\"Portada\",\"item\":\"https:\\\/\\\/www.fundacioncristinamasaveu.com\\\/en\\\/\"},{\"@type\":\"ListItem\",\"position\":2,\"name\":\"Tienda\",\"item\":\"https:\\\/\\\/www.fundacioncristinamasaveu.com\\\/tienda\\\/\"},{\"@type\":\"ListItem\",\"position\":3,\"name\":\"Masaveu Colection. Object and Nature: Still lifes and flowers paintings of the 17th and 18 th centuries\"}]},{\"@type\":\"WebSite\",\"@id\":\"https:\\\/\\\/www.fundacioncristinamasaveu.com\\\/#website\",\"url\":\"https:\\\/\\\/www.fundacioncristinamasaveu.com\\\/\",\"name\":\"Fundaci\u00f3n Maria Cristina Masaveu Peterson\",\"description\":\"Web Fundaci\u00f3n Cristina Masaveu\",\"potentialAction\":[{\"@type\":\"SearchAction\",\"target\":{\"@type\":\"EntryPoint\",\"urlTemplate\":\"https:\\\/\\\/www.fundacioncristinamasaveu.com\\\/?s={search_term_string}\"},\"query-input\":{\"@type\":\"PropertyValueSpecification\",\"valueRequired\":true,\"valueName\":\"search_term_string\"}}],\"inLanguage\":\"en-US\"}]}<\/script>\n<!-- \/ Yoast SEO plugin. -->","yoast_head_json":{"title":"Masaveu Colection. Object and Nature: Still lifes and flowers paintings of the 17th and 18 th centuries","description":"Publicaci\u00f3n de la exposici\u00f3n \u00abColecci\u00f3n Masaveu. Objeto y naturaleza. Bodegones y floreros de los siglos XVII y XVIII\u00bb.","robots":{"index":"index","follow":"follow","max-snippet":"max-snippet:-1","max-image-preview":"max-image-preview:large","max-video-preview":"max-video-preview:-1"},"canonical":"https:\/\/www.fundacioncristinamasaveu.com\/en\/tienda\/coleccion-masaveu-objeto-y-naturaleza-en\/","og_locale":"en_US","og_type":"article","og_title":"Masaveu Colection. Object and Nature: Still lifes and flowers paintings of the 17th and 18 th centuries","og_description":"Publicaci\u00f3n de la exposici\u00f3n \u00abColecci\u00f3n Masaveu. Objeto y naturaleza. Bodegones y floreros de los siglos XVII y XVIII\u00bb.","og_url":"https:\/\/www.fundacioncristinamasaveu.com\/en\/tienda\/coleccion-masaveu-objeto-y-naturaleza-en\/","og_site_name":"Fundaci\u00f3n Maria Cristina Masaveu Peterson","article_modified_time":"2026-01-13T13:04:58+00:00","og_image":[{"width":2560,"height":1707,"url":"https:\/\/www.fundacioncristinamasaveu.com\/wp-content\/uploads\/2022\/12\/Objeto-y-Naturaleza-10-2-scaled.jpg","type":"image\/jpeg"}],"twitter_card":"summary_large_image","twitter_misc":{"Est. reading time":"1 minute"},"schema":{"@context":"https:\/\/schema.org","@graph":[{"@type":"WebPage","@id":"https:\/\/www.fundacioncristinamasaveu.com\/en\/tienda\/coleccion-masaveu-objeto-y-naturaleza-en\/","url":"https:\/\/www.fundacioncristinamasaveu.com\/en\/tienda\/coleccion-masaveu-objeto-y-naturaleza-en\/","name":"Masaveu Colection. Object and Nature: Still lifes and flowers paintings of the 17th and 18 th centuries","isPartOf":{"@id":"https:\/\/www.fundacioncristinamasaveu.com\/#website"},"primaryImageOfPage":{"@id":"https:\/\/www.fundacioncristinamasaveu.com\/en\/tienda\/coleccion-masaveu-objeto-y-naturaleza-en\/#primaryimage"},"image":{"@id":"https:\/\/www.fundacioncristinamasaveu.com\/en\/tienda\/coleccion-masaveu-objeto-y-naturaleza-en\/#primaryimage"},"thumbnailUrl":"https:\/\/www.fundacioncristinamasaveu.com\/wp-content\/uploads\/2022\/12\/Objeto-y-Naturaleza-10-2-scaled.jpg","datePublished":"2023-10-17T17:56:34+00:00","dateModified":"2026-01-13T13:04:58+00:00","description":"Publicaci\u00f3n de la exposici\u00f3n \u00abColecci\u00f3n Masaveu. Objeto y naturaleza. Bodegones y floreros de los siglos XVII y XVIII\u00bb.","breadcrumb":{"@id":"https:\/\/www.fundacioncristinamasaveu.com\/en\/tienda\/coleccion-masaveu-objeto-y-naturaleza-en\/#breadcrumb"},"inLanguage":"en-US","potentialAction":[{"@type":"ReadAction","target":["https:\/\/www.fundacioncristinamasaveu.com\/en\/tienda\/coleccion-masaveu-objeto-y-naturaleza-en\/"]}]},{"@type":"ImageObject","inLanguage":"en-US","@id":"https:\/\/www.fundacioncristinamasaveu.com\/en\/tienda\/coleccion-masaveu-objeto-y-naturaleza-en\/#primaryimage","url":"https:\/\/www.fundacioncristinamasaveu.com\/wp-content\/uploads\/2022\/12\/Objeto-y-Naturaleza-10-2-scaled.jpg","contentUrl":"https:\/\/www.fundacioncristinamasaveu.com\/wp-content\/uploads\/2022\/12\/Objeto-y-Naturaleza-10-2-scaled.jpg","width":2560,"height":1707},{"@type":"BreadcrumbList","@id":"https:\/\/www.fundacioncristinamasaveu.com\/en\/tienda\/coleccion-masaveu-objeto-y-naturaleza-en\/#breadcrumb","itemListElement":[{"@type":"ListItem","position":1,"name":"Portada","item":"https:\/\/www.fundacioncristinamasaveu.com\/en\/"},{"@type":"ListItem","position":2,"name":"Tienda","item":"https:\/\/www.fundacioncristinamasaveu.com\/tienda\/"},{"@type":"ListItem","position":3,"name":"Masaveu Colection. Object and Nature: Still lifes and flowers paintings of the 17th and 18 th centuries"}]},{"@type":"WebSite","@id":"https:\/\/www.fundacioncristinamasaveu.com\/#website","url":"https:\/\/www.fundacioncristinamasaveu.com\/","name":"Fundaci\u00f3n Maria Cristina Masaveu Peterson","description":"Web Fundaci\u00f3n Cristina Masaveu","potentialAction":[{"@type":"SearchAction","target":{"@type":"EntryPoint","urlTemplate":"https:\/\/www.fundacioncristinamasaveu.com\/?s={search_term_string}"},"query-input":{"@type":"PropertyValueSpecification","valueRequired":true,"valueName":"search_term_string"}}],"inLanguage":"en-US"}]}},"_links":{"self":[{"href":"https:\/\/www.fundacioncristinamasaveu.com\/en\/wp-json\/wp\/v2\/product\/83353","targetHints":{"allow":["GET"]}}],"collection":[{"href":"https:\/\/www.fundacioncristinamasaveu.com\/en\/wp-json\/wp\/v2\/product"}],"about":[{"href":"https:\/\/www.fundacioncristinamasaveu.com\/en\/wp-json\/wp\/v2\/types\/product"}],"replies":[{"embeddable":true,"href":"https:\/\/www.fundacioncristinamasaveu.com\/en\/wp-json\/wp\/v2\/comments?post=83353"}],"wp:featuredmedia":[{"embeddable":true,"href":"https:\/\/www.fundacioncristinamasaveu.com\/en\/wp-json\/wp\/v2\/media\/71289"}],"wp:attachment":[{"href":"https:\/\/www.fundacioncristinamasaveu.com\/en\/wp-json\/wp\/v2\/media?parent=83353"}],"wp:term":[{"taxonomy":"product_brand","embeddable":true,"href":"https:\/\/www.fundacioncristinamasaveu.com\/en\/wp-json\/wp\/v2\/product_brand?post=83353"},{"taxonomy":"product_cat","embeddable":true,"href":"https:\/\/www.fundacioncristinamasaveu.com\/en\/wp-json\/wp\/v2\/product_cat?post=83353"},{"taxonomy":"product_tag","embeddable":true,"href":"https:\/\/www.fundacioncristinamasaveu.com\/en\/wp-json\/wp\/v2\/product_tag?post=83353"}],"curies":[{"name":"wp","href":"https:\/\/api.w.org\/{rel}","templated":true}]}}