{"id":81478,"date":"2023-09-04T11:17:37","date_gmt":"2023-09-04T10:17:37","guid":{"rendered":"https:\/\/www.fundacioncristinamasaveu.com\/?page_id=81478"},"modified":"2025-10-06T14:45:12","modified_gmt":"2025-10-06T13:45:12","slug":"coleccion-masaveu-arte-espanol-del-siglo-xx-de-picasso-a-barcelo","status":"publish","type":"page","link":"https:\/\/www.fundacioncristinamasaveu.com\/en\/canal-fmcmp\/coleccion-masaveu-arte-espanol-del-siglo-xx-de-picasso-a-barcelo\/","title":{"rendered":"Colecci\u00f3n Masaveu. Arte espa\u00f1ol del siglo XX. De Picasso a Barcel\u00f3"},"content":{"rendered":"<section class=\"l-section wpb_row height_auto\" id=\"contenedor_info\"><div class=\"l-section-h i-cf\"><div class=\"g-cols vc_row via_flex valign_top type_default stacking_default\"><div class=\"vc_col-sm-12 wpb_column vc_column_container\"><div class=\"vc_column-inner\"><div class=\"wpb_wrapper\"><div class=\"w-separator size_small\"><\/div><div class=\"wpb_text_column\"><div class=\"wpb_wrapper\"><nav class=\"g-breadcrumbs separator_icon align_none\" itemscope itemtype=\"http:\/\/schema.org\/BreadcrumbList\"><div class=\"g-breadcrumbs-item\" itemscope itemprop=\"itemListElement\" itemtype=\"http:\/\/schema.org\/ListItem\"><a itemprop=\"item\" href=\"https:\/\/www.fundacioncristinamasaveu.com\/en\/\"><span itemprop=\"name\">Home<\/span><\/a><meta itemprop=\"position\" content=\"1\"\/><\/div><div class=\"g-breadcrumbs-separator\"><i class=\"far fa-angle-right\"><\/i><\/div><div class=\"g-breadcrumbs-item\">Pages<\/div><\/nav>\n<\/div><\/div><div class=\"w-separator size_small\"><\/div>[vc_custom_heading source=&#8221;post_title&#8221; font_container=&#8221;tag:h3|text_align:left&#8221; use_theme_fonts=&#8221;yes&#8221; el_class=&#8221;tituloSeccion&#8221;]<div class=\"w-separator size_small\"><\/div><\/div><\/div><\/div><\/div><\/div><\/section><section class=\"l-section wpb_row height_small\" id=\"audioguias\"><div class=\"l-section-h i-cf\"><div class=\"g-cols vc_row via_flex valign_top type_default stacking_default\"><div class=\"vc_col-sm-12 wpb_column vc_column_container\"><div class=\"vc_column-inner\"><div class=\"wpb_wrapper\">[vc_custom_heading text=&#8221;EXPOSICI\u00d3N&#8221; font_container=&#8221;tag:h5|text_align:left&#8221; use_theme_fonts=&#8221;yes&#8221; el_class=&#8221;tituloSubseccion titulo_raya_verde&#8221;]<div class=\"g-cols wpb_row via_flex valign_top type_default stacking_default\"><div class=\"vc_col-sm-4 wpb_column vc_column_container\"><div class=\"vc_column-inner\"><div class=\"wpb_wrapper\"><div class=\"w-video align_none ratio_16x9 has_iframe\"><div class=\"w-video-h\"><iframe title=\"Vimeo video player\" src=\"https:\/\/player.vimeo.com\/video\/1027593283?autoplay=0&loop=0&autopause=0&color=00adef&portrait=0&byline=0&title=0&controls=1&muted=0\" frameborder=\"0\" allow=\"autoplay; fullscreen\" allowfullscreen loading=\"lazy\"><\/iframe><\/div><\/div><div class=\"wpb_text_column texto_raya\"><div class=\"wpb_wrapper\"><p><span style=\"color: #7fba27;\">Presentaci\u00f3n<br \/>\n<\/span><em><strong>Colecci\u00f3n Masaveu. Arte espa\u00f1ol del siglo XX.<br \/>\nDe Picasso a Barcel\u00f3<\/strong><\/em><br \/>\n2024<\/p>\n<\/div><\/div><\/div><\/div><\/div><div class=\"vc_col-sm-4 wpb_column vc_column_container\"><div class=\"vc_column-inner\"><div class=\"wpb_wrapper\"><div class=\"w-video align_none ratio_16x9 has_iframe\"><div class=\"w-video-h\"><iframe title=\"Vimeo video player\" src=\"https:\/\/player.vimeo.com\/video\/1121525009?autoplay=0&loop=0&autopause=0&color=00adef&portrait=0&byline=0&title=0&controls=1&muted=0\" frameborder=\"0\" allow=\"autoplay; fullscreen\" allowfullscreen loading=\"lazy\"><\/iframe><\/div><\/div><div class=\"wpb_text_column texto_raya\"><div class=\"wpb_wrapper\"><p><span style=\"color: #7fba27;\">V\u00eddeo-entrevista<br \/>\n<\/span><em><strong>Colecci\u00f3n Masaveu. Arte espa\u00f1ol del siglo XX.<br \/>\nDe Picasso a Barcel\u00f3<\/strong><\/em><br \/>\n2024<\/p>\n<\/div><\/div><\/div><\/div><\/div><div class=\"vc_col-sm-4 wpb_column vc_column_container\"><div class=\"vc_column-inner\"><div class=\"wpb_wrapper\"><\/div><\/div><\/div><\/div><div class=\"w-separator size_small\"><\/div>[vc_custom_heading text=&#8221;OBRAS COMENTADAS&#8221; font_container=&#8221;tag:h5|text_align:left&#8221; use_theme_fonts=&#8221;yes&#8221; el_class=&#8221;tituloSubseccion titulo_raya_verde&#8221;]<div class=\"g-cols wpb_row via_flex valign_top type_default stacking_default\"><div class=\"vc_col-sm-4 wpb_column vc_column_container\"><div class=\"vc_column-inner\"><div class=\"wpb_wrapper\"><div class=\"w-video align_none ratio_16x9 has_iframe\"><div class=\"w-video-h\"><iframe title=\"Vimeo video player\" src=\"https:\/\/player.vimeo.com\/video\/1027593283?autoplay=0&loop=0&autopause=0&color=00adef&portrait=0&byline=0&title=0&controls=1&muted=0\" frameborder=\"0\" allow=\"autoplay; fullscreen\" allowfullscreen loading=\"lazy\"><\/iframe><\/div><\/div><div class=\"wpb_text_column texto_raya\"><div class=\"wpb_wrapper\"><p><span style=\"color: #7fba27;\">Obra comentada<br \/>\n<\/span><em><strong>Colecci\u00f3n Masaveu. Arte espa\u00f1ol del siglo XX.<br \/>\nDe Picasso a Barcel\u00f3<\/strong><\/em><br \/>\n<em>Le violon (El viol\u00edn)<\/em> de Juan Gris<br \/>\n2024<\/p>\n<\/div><\/div><\/div><\/div><\/div><div class=\"vc_col-sm-4 wpb_column vc_column_container\"><div class=\"vc_column-inner\"><div class=\"wpb_wrapper\"><div class=\"w-video align_none ratio_16x9 has_iframe\"><div class=\"w-video-h\"><iframe title=\"Vimeo video player\" src=\"https:\/\/player.vimeo.com\/video\/1121519405?autoplay=0&loop=0&autopause=0&color=00adef&portrait=0&byline=0&title=0&controls=1&muted=0\" frameborder=\"0\" allow=\"autoplay; fullscreen\" allowfullscreen loading=\"lazy\"><\/iframe><\/div><\/div><div class=\"wpb_text_column texto_raya\"><div class=\"wpb_wrapper\"><p><span style=\"color: #7fba27;\">Obra comentada<br \/>\n<\/span><em><strong>Colecci\u00f3n Masaveu. Arte espa\u00f1ol del siglo XX.<br \/>\nDe Picasso a Barcel\u00f3<\/strong><\/em><br \/>\n<em>Assumpta Corpuscularia Lapislazulina<\/em> de Salvador Dal\u00ed<br \/>\n2024<\/p>\n<\/div><\/div><\/div><\/div><\/div><div class=\"vc_col-sm-4 wpb_column vc_column_container\"><div class=\"vc_column-inner\"><div class=\"wpb_wrapper\"><div class=\"w-video align_none ratio_16x9 has_iframe\"><div class=\"w-video-h\"><iframe title=\"Vimeo video player\" src=\"https:\/\/player.vimeo.com\/video\/1121521761?autoplay=0&loop=0&autopause=0&color=00adef&portrait=0&byline=0&title=0&controls=1&muted=0\" frameborder=\"0\" allow=\"autoplay; fullscreen\" allowfullscreen loading=\"lazy\"><\/iframe><\/div><\/div><div class=\"wpb_text_column texto_raya\"><div class=\"wpb_wrapper\"><p><span style=\"color: #7fba27;\">Obra comentada<br \/>\n<\/span><em><strong>Colecci\u00f3n Masaveu. Arte espa\u00f1ol del siglo XX.<br \/>\nDe Picasso a Barcel\u00f3<\/strong><\/em><br \/>\n<em>Madrid Sur<\/em> de Antonio L\u00f3pez<br \/>\n2024<\/p>\n<\/div><\/div><\/div><\/div><\/div><\/div><div class=\"g-cols wpb_row via_flex valign_top type_default stacking_default\"><div class=\"vc_col-sm-4 wpb_column vc_column_container\"><div class=\"vc_column-inner\"><div class=\"wpb_wrapper\"><div class=\"w-video align_none ratio_16x9 has_iframe\"><div class=\"w-video-h\"><iframe title=\"Vimeo video player\" src=\"https:\/\/player.vimeo.com\/video\/1121510812?autoplay=0&loop=0&autopause=0&color=00adef&portrait=0&byline=0&title=0&controls=1&muted=0\" frameborder=\"0\" allow=\"autoplay; fullscreen\" allowfullscreen loading=\"lazy\"><\/iframe><\/div><\/div><div class=\"wpb_text_column texto_raya\"><div class=\"wpb_wrapper\"><p><span style=\"color: #7fba27;\">Obra comentada<br \/>\n<\/span><em><strong>Colecci\u00f3n Masaveu. Arte espa\u00f1ol del siglo XX.<br \/>\nDe Picasso a Barcel\u00f3<\/strong><\/em><br \/>\n<em>Abesti Gogorra II<\/em> de Eduardo Chillida<br \/>\n2024<\/p>\n<\/div><\/div><\/div><\/div><\/div><div class=\"vc_col-sm-4 wpb_column vc_column_container\"><div class=\"vc_column-inner\"><div class=\"wpb_wrapper\"><div class=\"w-video align_none ratio_16x9 has_iframe\"><div class=\"w-video-h\"><iframe title=\"Vimeo video player\" src=\"https:\/\/player.vimeo.com\/video\/1121524131?autoplay=0&loop=0&autopause=0&color=00adef&portrait=0&byline=0&title=0&controls=1&muted=0\" frameborder=\"0\" allow=\"autoplay; fullscreen\" allowfullscreen loading=\"lazy\"><\/iframe><\/div><\/div><div class=\"wpb_text_column texto_raya\"><div class=\"wpb_wrapper\"><p><span style=\"color: #7fba27;\">Obra comentada<br \/>\n<\/span><em><strong>Colecci\u00f3n Masaveu. Arte espa\u00f1ol del siglo XX.<br \/>\nDe Picasso a Barcel\u00f3<\/strong><\/em><br \/>\n<em>An Endless Corner<\/em> de Juan Mu\u00f1oz<br \/>\n2024<\/p>\n<\/div><\/div><\/div><\/div><\/div><div class=\"vc_col-sm-4 wpb_column vc_column_container\"><div class=\"vc_column-inner\"><div class=\"wpb_wrapper\"><\/div><\/div><\/div><\/div><div class=\"w-separator size_small with_line width_default thick_1 style_solid color_border align_center with_text with_content\"><div class=\"w-separator-h\"><h6 class=\"w-separator-text\"><span>CONTENIDO RELACIONADO<\/span><\/h6><\/div><\/div><div class=\"g-cols wpb_row via_flex valign_top type_default stacking_default\"><div class=\"vc_col-sm-4 wpb_column vc_column_container\"><div class=\"vc_column-inner\"><div class=\"wpb_wrapper\"><div class=\"w-image has_ratio align_none\"><a href=\" https:\/\/www.fundacioncristinamasaveu.com\/canal-fmcmp\/audioguias-de-picasso-a-barcelo\" aria-label=\"detalle\" class=\"w-image-h\"><div style=\"padding-bottom:66.6667%\"><\/div><img decoding=\"async\" width=\"1024\" height=\"638\" src=\"https:\/\/www.fundacioncristinamasaveu.com\/wp-content\/uploads\/2024\/10\/detalle-2-1024x638.png\" class=\"attachment-large size-large\" alt=\"\" loading=\"lazy\" \/><\/a><\/div><div class=\"wpb_text_column texto_raya\"><div class=\"wpb_wrapper\"><p><span class=\"verde\" style=\"color: #7fba27;\">Audiogu\u00eda<\/span><br \/>\n<strong><em>Colecci\u00f3n Masaveu.<\/em><\/strong><br \/>\n<strong><em>Arte espa\u00f1ol del siglo XX.<\/em><\/strong><br \/>\n<strong><em>De Picasso a Barcel\u00f3<\/em><\/strong><\/p>\n<\/div><\/div><\/div><\/div><\/div><div class=\"vc_col-sm-4 wpb_column vc_column_container\"><div class=\"vc_column-inner\"><div class=\"wpb_wrapper\"><div class=\"w-image has_ratio align_none\"><a href=\"https:\/\/www.fundacioncristinamasaveu.com\/canal-fmcmp\/coleccion-masaveu-arte-espanol-del-siglo-xx-de-picasso-a-barcelo-2\/\" aria-label=\"detalle-blanchard\" class=\"w-image-h\"><div style=\"padding-bottom:66.6667%\"><\/div><img decoding=\"async\" width=\"1024\" height=\"564\" src=\"https:\/\/www.fundacioncristinamasaveu.com\/wp-content\/uploads\/2025\/09\/detalle-blanchard-1024x564.jpg\" class=\"attachment-large size-large\" alt=\"\" loading=\"lazy\" \/><\/a><\/div><div class=\"wpb_text_column texto_raya\"><div class=\"wpb_wrapper\"><p><span class=\"verde\" style=\"color: #7fba27;\">Signogu\u00eda<\/span><br \/>\n<strong><em>Colecci\u00f3n Masaveu.<\/em><\/strong><br \/>\n<strong><em>Arte espa\u00f1ol del siglo XX.<\/em><\/strong><br \/>\n<strong><em>De Picasso a Barcel\u00f3<\/em><\/strong><\/p>\n<\/div><\/div><\/div><\/div><\/div><div class=\"vc_col-sm-4 wpb_column vc_column_container\"><div class=\"vc_column-inner\"><div class=\"wpb_wrapper\"><\/div><\/div><\/div><\/div><\/div><\/div><\/div><\/div><\/div><\/section>\n<div class=\"gsp_post_data\" \r\n\t            data-post_type=\"page\" \r\n\t            data-cat=\"\" \r\n\t            data-modified=\"120\"\r\n\t            data-created=\"1693826257\"\r\n\t            data-title=\"Colecci\u00f3n Masaveu. Arte espa\u00f1ol del siglo XX. De Picasso a Barcel\u00f3\" \r\n\t            data-home=\"https:\/\/www.fundacioncristinamasaveu.com\/en\/\"><\/div>","protected":false},"excerpt":{"rendered":"HomePages [vc_custom_heading source=\"post_title\" font_container=\"tag:h3|text_align:left\" use_theme_fonts=\"yes\" el_class=\"tituloSeccion\"][vc_custom_heading text=\"EXPOSICI\u00d3N\" font_container=\"tag:h5|text_align:left\" use_theme_fonts=\"yes\" el_class=\"tituloSubseccion titulo_raya_verde\"]Presentaci\u00f3n Colecci\u00f3n Masaveu. Arte espa\u00f1ol del siglo XX. De Picasso a Barcel\u00f3 2024 V\u00eddeo-entrevista Colecci\u00f3n Masaveu. Arte espa\u00f1ol del siglo XX. De Picasso a Barcel\u00f3 2024 [vc_custom_heading text=\"OBRAS COMENTADAS\" font_container=\"tag:h5|text_align:left\" use_theme_fonts=\"yes\" el_class=\"tituloSubseccion titulo_raya_verde\"]Obra comentada Colecci\u00f3n Masaveu. Arte espa\u00f1ol del siglo XX. De Picasso a Barcel\u00f3...","protected":false},"author":16,"featured_media":78968,"parent":37917,"menu_order":0,"comment_status":"closed","ping_status":"closed","template":"","meta":{"_acf_changed":false,"footnotes":"","_links_to":"","_links_to_target":""},"class_list":["post-81478","page","type-page","status-publish","has-post-thumbnail","hentry"],"acf":[],"yoast_head":"<!-- This site is optimized with the Yoast SEO plugin v27.3 - https:\/\/yoast.com\/product\/yoast-seo-wordpress\/ -->\n<title>Colecci\u00f3n Masaveu. Arte espa\u00f1ol del siglo XX. De Picasso a Barcel\u00f3 - Fundaci\u00f3n Maria Cristina Masaveu Peterson<\/title>\n<meta name=\"description\" content=\"Canal de la Fundaci\u00f3n Mar\u00eda Cristina Masaveu Peterson\" \/>\n<meta name=\"robots\" content=\"index, follow, max-snippet:-1, max-image-preview:large, max-video-preview:-1\" \/>\n<link rel=\"canonical\" href=\"https:\/\/www.fundacioncristinamasaveu.com\/en\/canal-fmcmp\/coleccion-masaveu-arte-espanol-del-siglo-xx-de-picasso-a-barcelo\/\" \/>\n<meta property=\"og:locale\" content=\"en_US\" \/>\n<meta property=\"og:type\" content=\"article\" \/>\n<meta property=\"og:title\" content=\"Colecci\u00f3n Masaveu. Arte espa\u00f1ol del siglo XX. De Picasso a Barcel\u00f3 - Fundaci\u00f3n Maria Cristina Masaveu Peterson\" \/>\n<meta property=\"og:description\" content=\"Canal de la Fundaci\u00f3n Mar\u00eda Cristina Masaveu Peterson\" \/>\n<meta property=\"og:url\" content=\"https:\/\/www.fundacioncristinamasaveu.com\/en\/canal-fmcmp\/coleccion-masaveu-arte-espanol-del-siglo-xx-de-picasso-a-barcelo\/\" \/>\n<meta property=\"og:site_name\" content=\"Fundaci\u00f3n Maria Cristina Masaveu Peterson\" \/>\n<meta property=\"article:modified_time\" content=\"2025-10-06T13:45:12+00:00\" \/>\n<meta property=\"og:image\" content=\"https:\/\/www.fundacioncristinamasaveu.com\/wp-content\/uploads\/2020\/03\/2020-03-27_1.jpg\" \/>\n\t<meta property=\"og:image:width\" content=\"1200\" \/>\n\t<meta property=\"og:image:height\" content=\"630\" \/>\n\t<meta property=\"og:image:type\" content=\"image\/jpeg\" \/>\n<meta name=\"twitter:card\" content=\"summary_large_image\" \/>\n<meta name=\"twitter:label1\" content=\"Est. reading time\" \/>\n\t<meta name=\"twitter:data1\" content=\"2 minutes\" \/>\n<script type=\"application\/ld+json\" class=\"yoast-schema-graph\">{\"@context\":\"https:\\\/\\\/schema.org\",\"@graph\":[{\"@type\":\"WebPage\",\"@id\":\"https:\\\/\\\/www.fundacioncristinamasaveu.com\\\/en\\\/canal-fmcmp\\\/coleccion-masaveu-arte-espanol-del-siglo-xx-de-picasso-a-barcelo\\\/\",\"url\":\"https:\\\/\\\/www.fundacioncristinamasaveu.com\\\/en\\\/canal-fmcmp\\\/coleccion-masaveu-arte-espanol-del-siglo-xx-de-picasso-a-barcelo\\\/\",\"name\":\"Colecci\u00f3n Masaveu. Arte espa\u00f1ol del siglo XX. De Picasso a Barcel\u00f3 - Fundaci\u00f3n Maria Cristina Masaveu Peterson\",\"isPartOf\":{\"@id\":\"https:\\\/\\\/www.fundacioncristinamasaveu.com\\\/#website\"},\"primaryImageOfPage\":{\"@id\":\"https:\\\/\\\/www.fundacioncristinamasaveu.com\\\/en\\\/canal-fmcmp\\\/coleccion-masaveu-arte-espanol-del-siglo-xx-de-picasso-a-barcelo\\\/#primaryimage\"},\"image\":{\"@id\":\"https:\\\/\\\/www.fundacioncristinamasaveu.com\\\/en\\\/canal-fmcmp\\\/coleccion-masaveu-arte-espanol-del-siglo-xx-de-picasso-a-barcelo\\\/#primaryimage\"},\"thumbnailUrl\":\"https:\\\/\\\/www.fundacioncristinamasaveu.com\\\/wp-content\\\/uploads\\\/2025\\\/07\\\/4MR9407-scaled.jpg\",\"datePublished\":\"2023-09-04T10:17:37+00:00\",\"dateModified\":\"2025-10-06T13:45:12+00:00\",\"description\":\"Canal de la Fundaci\u00f3n Mar\u00eda Cristina Masaveu Peterson\",\"breadcrumb\":{\"@id\":\"https:\\\/\\\/www.fundacioncristinamasaveu.com\\\/en\\\/canal-fmcmp\\\/coleccion-masaveu-arte-espanol-del-siglo-xx-de-picasso-a-barcelo\\\/#breadcrumb\"},\"inLanguage\":\"en-US\",\"potentialAction\":[{\"@type\":\"ReadAction\",\"target\":[\"https:\\\/\\\/www.fundacioncristinamasaveu.com\\\/en\\\/canal-fmcmp\\\/coleccion-masaveu-arte-espanol-del-siglo-xx-de-picasso-a-barcelo\\\/\"]}]},{\"@type\":\"ImageObject\",\"inLanguage\":\"en-US\",\"@id\":\"https:\\\/\\\/www.fundacioncristinamasaveu.com\\\/en\\\/canal-fmcmp\\\/coleccion-masaveu-arte-espanol-del-siglo-xx-de-picasso-a-barcelo\\\/#primaryimage\",\"url\":\"https:\\\/\\\/www.fundacioncristinamasaveu.com\\\/wp-content\\\/uploads\\\/2025\\\/07\\\/4MR9407-scaled.jpg\",\"contentUrl\":\"https:\\\/\\\/www.fundacioncristinamasaveu.com\\\/wp-content\\\/uploads\\\/2025\\\/07\\\/4MR9407-scaled.jpg\",\"width\":2560,\"height\":1706},{\"@type\":\"BreadcrumbList\",\"@id\":\"https:\\\/\\\/www.fundacioncristinamasaveu.com\\\/en\\\/canal-fmcmp\\\/coleccion-masaveu-arte-espanol-del-siglo-xx-de-picasso-a-barcelo\\\/#breadcrumb\",\"itemListElement\":[{\"@type\":\"ListItem\",\"position\":1,\"name\":\"Portada\",\"item\":\"https:\\\/\\\/www.fundacioncristinamasaveu.com\\\/en\\\/\"},{\"@type\":\"ListItem\",\"position\":2,\"name\":\"FMCMP Channel\",\"item\":\"https:\\\/\\\/www.fundacioncristinamasaveu.com\\\/en\\\/canal-fmcmp\\\/\"},{\"@type\":\"ListItem\",\"position\":3,\"name\":\"Colecci\u00f3n Masaveu. Arte espa\u00f1ol del siglo XX. De Picasso a Barcel\u00f3\"}]},{\"@type\":\"WebSite\",\"@id\":\"https:\\\/\\\/www.fundacioncristinamasaveu.com\\\/#website\",\"url\":\"https:\\\/\\\/www.fundacioncristinamasaveu.com\\\/\",\"name\":\"Fundaci\u00f3n Maria Cristina Masaveu Peterson\",\"description\":\"Web Fundaci\u00f3n Cristina Masaveu\",\"potentialAction\":[{\"@type\":\"SearchAction\",\"target\":{\"@type\":\"EntryPoint\",\"urlTemplate\":\"https:\\\/\\\/www.fundacioncristinamasaveu.com\\\/?s={search_term_string}\"},\"query-input\":{\"@type\":\"PropertyValueSpecification\",\"valueRequired\":true,\"valueName\":\"search_term_string\"}}],\"inLanguage\":\"en-US\"}]}<\/script>\n<!-- \/ Yoast SEO plugin. -->","yoast_head_json":{"title":"Colecci\u00f3n Masaveu. Arte espa\u00f1ol del siglo XX. De Picasso a Barcel\u00f3 - Fundaci\u00f3n Maria Cristina Masaveu Peterson","description":"Canal de la Fundaci\u00f3n Mar\u00eda Cristina Masaveu Peterson","robots":{"index":"index","follow":"follow","max-snippet":"max-snippet:-1","max-image-preview":"max-image-preview:large","max-video-preview":"max-video-preview:-1"},"canonical":"https:\/\/www.fundacioncristinamasaveu.com\/en\/canal-fmcmp\/coleccion-masaveu-arte-espanol-del-siglo-xx-de-picasso-a-barcelo\/","og_locale":"en_US","og_type":"article","og_title":"Colecci\u00f3n Masaveu. Arte espa\u00f1ol del siglo XX. De Picasso a Barcel\u00f3 - Fundaci\u00f3n Maria Cristina Masaveu Peterson","og_description":"Canal de la Fundaci\u00f3n Mar\u00eda Cristina Masaveu Peterson","og_url":"https:\/\/www.fundacioncristinamasaveu.com\/en\/canal-fmcmp\/coleccion-masaveu-arte-espanol-del-siglo-xx-de-picasso-a-barcelo\/","og_site_name":"Fundaci\u00f3n Maria Cristina Masaveu Peterson","article_modified_time":"2025-10-06T13:45:12+00:00","og_image":[{"width":1200,"height":630,"url":"https:\/\/www.fundacioncristinamasaveu.com\/wp-content\/uploads\/2020\/03\/2020-03-27_1.jpg","type":"image\/jpeg"}],"twitter_card":"summary_large_image","twitter_misc":{"Est. reading time":"2 minutes"},"schema":{"@context":"https:\/\/schema.org","@graph":[{"@type":"WebPage","@id":"https:\/\/www.fundacioncristinamasaveu.com\/en\/canal-fmcmp\/coleccion-masaveu-arte-espanol-del-siglo-xx-de-picasso-a-barcelo\/","url":"https:\/\/www.fundacioncristinamasaveu.com\/en\/canal-fmcmp\/coleccion-masaveu-arte-espanol-del-siglo-xx-de-picasso-a-barcelo\/","name":"Colecci\u00f3n Masaveu. Arte espa\u00f1ol del siglo XX. De Picasso a Barcel\u00f3 - Fundaci\u00f3n Maria Cristina Masaveu Peterson","isPartOf":{"@id":"https:\/\/www.fundacioncristinamasaveu.com\/#website"},"primaryImageOfPage":{"@id":"https:\/\/www.fundacioncristinamasaveu.com\/en\/canal-fmcmp\/coleccion-masaveu-arte-espanol-del-siglo-xx-de-picasso-a-barcelo\/#primaryimage"},"image":{"@id":"https:\/\/www.fundacioncristinamasaveu.com\/en\/canal-fmcmp\/coleccion-masaveu-arte-espanol-del-siglo-xx-de-picasso-a-barcelo\/#primaryimage"},"thumbnailUrl":"https:\/\/www.fundacioncristinamasaveu.com\/wp-content\/uploads\/2025\/07\/4MR9407-scaled.jpg","datePublished":"2023-09-04T10:17:37+00:00","dateModified":"2025-10-06T13:45:12+00:00","description":"Canal de la Fundaci\u00f3n Mar\u00eda Cristina Masaveu Peterson","breadcrumb":{"@id":"https:\/\/www.fundacioncristinamasaveu.com\/en\/canal-fmcmp\/coleccion-masaveu-arte-espanol-del-siglo-xx-de-picasso-a-barcelo\/#breadcrumb"},"inLanguage":"en-US","potentialAction":[{"@type":"ReadAction","target":["https:\/\/www.fundacioncristinamasaveu.com\/en\/canal-fmcmp\/coleccion-masaveu-arte-espanol-del-siglo-xx-de-picasso-a-barcelo\/"]}]},{"@type":"ImageObject","inLanguage":"en-US","@id":"https:\/\/www.fundacioncristinamasaveu.com\/en\/canal-fmcmp\/coleccion-masaveu-arte-espanol-del-siglo-xx-de-picasso-a-barcelo\/#primaryimage","url":"https:\/\/www.fundacioncristinamasaveu.com\/wp-content\/uploads\/2025\/07\/4MR9407-scaled.jpg","contentUrl":"https:\/\/www.fundacioncristinamasaveu.com\/wp-content\/uploads\/2025\/07\/4MR9407-scaled.jpg","width":2560,"height":1706},{"@type":"BreadcrumbList","@id":"https:\/\/www.fundacioncristinamasaveu.com\/en\/canal-fmcmp\/coleccion-masaveu-arte-espanol-del-siglo-xx-de-picasso-a-barcelo\/#breadcrumb","itemListElement":[{"@type":"ListItem","position":1,"name":"Portada","item":"https:\/\/www.fundacioncristinamasaveu.com\/en\/"},{"@type":"ListItem","position":2,"name":"FMCMP Channel","item":"https:\/\/www.fundacioncristinamasaveu.com\/en\/canal-fmcmp\/"},{"@type":"ListItem","position":3,"name":"Colecci\u00f3n Masaveu. Arte espa\u00f1ol del siglo XX. De Picasso a Barcel\u00f3"}]},{"@type":"WebSite","@id":"https:\/\/www.fundacioncristinamasaveu.com\/#website","url":"https:\/\/www.fundacioncristinamasaveu.com\/","name":"Fundaci\u00f3n Maria Cristina Masaveu Peterson","description":"Web Fundaci\u00f3n Cristina Masaveu","potentialAction":[{"@type":"SearchAction","target":{"@type":"EntryPoint","urlTemplate":"https:\/\/www.fundacioncristinamasaveu.com\/?s={search_term_string}"},"query-input":{"@type":"PropertyValueSpecification","valueRequired":true,"valueName":"search_term_string"}}],"inLanguage":"en-US"}]}},"_links":{"self":[{"href":"https:\/\/www.fundacioncristinamasaveu.com\/en\/wp-json\/wp\/v2\/pages\/81478","targetHints":{"allow":["GET"]}}],"collection":[{"href":"https:\/\/www.fundacioncristinamasaveu.com\/en\/wp-json\/wp\/v2\/pages"}],"about":[{"href":"https:\/\/www.fundacioncristinamasaveu.com\/en\/wp-json\/wp\/v2\/types\/page"}],"author":[{"embeddable":true,"href":"https:\/\/www.fundacioncristinamasaveu.com\/en\/wp-json\/wp\/v2\/users\/16"}],"replies":[{"embeddable":true,"href":"https:\/\/www.fundacioncristinamasaveu.com\/en\/wp-json\/wp\/v2\/comments?post=81478"}],"version-history":[{"count":3,"href":"https:\/\/www.fundacioncristinamasaveu.com\/en\/wp-json\/wp\/v2\/pages\/81478\/revisions"}],"predecessor-version":[{"id":82118,"href":"https:\/\/www.fundacioncristinamasaveu.com\/en\/wp-json\/wp\/v2\/pages\/81478\/revisions\/82118"}],"up":[{"embeddable":true,"href":"https:\/\/www.fundacioncristinamasaveu.com\/en\/wp-json\/wp\/v2\/pages\/37917"}],"wp:featuredmedia":[{"embeddable":true,"href":"https:\/\/www.fundacioncristinamasaveu.com\/en\/wp-json\/wp\/v2\/media\/78968"}],"wp:attachment":[{"href":"https:\/\/www.fundacioncristinamasaveu.com\/en\/wp-json\/wp\/v2\/media?parent=81478"}],"curies":[{"name":"wp","href":"https:\/\/api.w.org\/{rel}","templated":true}]}}