{"id":71441,"date":"2019-05-21T15:28:02","date_gmt":"2019-05-21T14:28:02","guid":{"rendered":"https:\/\/www.fundacioncristinamasaveu.com\/?page_id=71441"},"modified":"2025-10-21T16:30:59","modified_gmt":"2025-10-21T15:30:59","slug":"centro-fmcmp-morasverdes","status":"publish","type":"page","link":"https:\/\/www.fundacioncristinamasaveu.com\/en\/centres\/fmcmp-morasverdes\/centro-fmcmp-morasverdes\/","title":{"rendered":"THE BUILDING"},"content":{"rendered":"<section class=\"l-section wpb_row height_auto\" id=\"contenedor_info\"><div class=\"l-section-h i-cf\"><div class=\"g-cols vc_row via_flex valign_top type_default stacking_default\"><div class=\"vc_col-sm-12 wpb_column vc_column_container\"><div class=\"vc_column-inner\"><div class=\"wpb_wrapper\"><div class=\"w-separator size_small\"><\/div><div class=\"wpb_text_column\"><div class=\"wpb_wrapper\"><nav class=\"g-breadcrumbs separator_icon align_none\" itemscope itemtype=\"http:\/\/schema.org\/BreadcrumbList\"><div class=\"g-breadcrumbs-item\" itemscope itemprop=\"itemListElement\" itemtype=\"http:\/\/schema.org\/ListItem\"><a itemprop=\"item\" href=\"https:\/\/www.fundacioncristinamasaveu.com\/en\/\"><span itemprop=\"name\">Home<\/span><\/a><meta itemprop=\"position\" content=\"1\"\/><\/div><div class=\"g-breadcrumbs-separator\"><i class=\"far fa-angle-right\"><\/i><\/div><div class=\"g-breadcrumbs-item\">Pages<\/div><\/nav>\n<\/div><\/div><div class=\"w-separator size_small\"><\/div><div class=\"w-image has_ratio align_none\"><div class=\"w-image-h\"><div style=\"padding-bottom:56.25%\"><\/div><img decoding=\"async\" width=\"2560\" height=\"2048\" src=\"https:\/\/www.fundacioncristinamasaveu.com\/wp-content\/uploads\/2025\/10\/Fachada-Centro-FMCMP-Morasverdes-scaled.jpg\" class=\"attachment-full size-full\" alt=\"\" loading=\"lazy\" \/><\/div><\/div><div class=\"w-separator size_custom\" style=\"height:15px\"><\/div><div class=\"g-cols wpb_row via_flex valign_middle type_default stacking_default\"><div class=\"vc_col-sm-10 wpb_column vc_column_container\"><div class=\"vc_column-inner\"><div class=\"wpb_wrapper\">[vc_custom_heading text=&#8221;THE CENTRE&#8221; font_container=&#8221;tag:h3|text_align:left&#8221; use_theme_fonts=&#8221;yes&#8221; el_class=&#8221;tituloSeccion&#8221;]<\/div><\/div><\/div><div class=\"vc_col-sm-2 wpb_column vc_column_container\"><div class=\"vc_column-inner\"><div class=\"wpb_wrapper\"><div class=\"w-image us_custom_97c295ba has_height align_right\"><a href=\"https:\/\/www.fundacioncristinamasaveu.com\/wp-content\/uploads\/2025\/06\/MV_Folleto_Promocional_QR_ING_2025_Def.pdf \" aria-label=\"DOT-FOLLETO-NUEVO\" class=\"w-image-h\"><img decoding=\"async\" width=\"150\" height=\"150\" src=\"https:\/\/www.fundacioncristinamasaveu.com\/wp-content\/uploads\/2023\/12\/DOT-FOLLETO-NUEVO-1-150x150.png\" class=\"attachment-thumbnail size-thumbnail\" alt=\"\" loading=\"lazy\" srcset=\"https:\/\/www.fundacioncristinamasaveu.com\/wp-content\/uploads\/2023\/12\/DOT-FOLLETO-NUEVO-1-150x150.png 150w, https:\/\/www.fundacioncristinamasaveu.com\/wp-content\/uploads\/2023\/12\/DOT-FOLLETO-NUEVO-1-300x300.png 300w, https:\/\/www.fundacioncristinamasaveu.com\/wp-content\/uploads\/2023\/12\/DOT-FOLLETO-NUEVO-1-1024x1024.png 1024w, https:\/\/www.fundacioncristinamasaveu.com\/wp-content\/uploads\/2023\/12\/DOT-FOLLETO-NUEVO-1-350x350.png 350w, https:\/\/www.fundacioncristinamasaveu.com\/wp-content\/uploads\/2023\/12\/DOT-FOLLETO-NUEVO-1-600x600.png 600w, https:\/\/www.fundacioncristinamasaveu.com\/wp-content\/uploads\/2023\/12\/DOT-FOLLETO-NUEVO-1-768x768.png 768w, https:\/\/www.fundacioncristinamasaveu.com\/wp-content\/uploads\/2023\/12\/DOT-FOLLETO-NUEVO-1-e1720169875166.png 120w, https:\/\/www.fundacioncristinamasaveu.com\/wp-content\/uploads\/2023\/12\/DOT-FOLLETO-NUEVO-1-e1720169875166-50x50.png 50w\" sizes=\"auto, (max-width: 150px) 100vw, 150px\" \/><\/a><\/div><\/div><\/div><\/div><\/div><div class=\"w-separator size_custom\" style=\"height:40px\"><\/div><div class=\"wpb_text_column\"><div class=\"wpb_wrapper\"><p><span style=\"font-weight: 400;\">The FMCMP Morasverdes Centre is located in a new-build construction.<\/span><\/p>\n<p><span style=\"font-weight: 400;\">Carried out by the architect Pelayo Rubiera S\u00e1nchez in collaboration with the Fundaci\u00f3n Mar\u00eda Cristina Masaveu Peterson, the building project (2016\u20132023) adopts the following premises:<\/span><\/p>\n<ul>\n<li style=\"font-weight: 400;\" aria-level=\"1\"><span style=\"font-weight: 400;\">Maximum respect for the environment by integrating the building into the natural surroundings. This unification is sought both outside and inside through abundant large windows that afford stunning views of the Sierra de Francia mountains.<\/span><\/li>\n<li style=\"font-weight: 400;\" aria-level=\"1\"><span style=\"font-weight: 400;\">Use of top-quality materials and finishes, linked in particular to the industrial development of the Corporaci\u00f3n Masaveu. Exposed concrete and different types of tropical wood, certified as having been harvested sustainably, are the main external finishes. Inside, the predominant material is locally-sourced wood, such as chestnut, typically found in the Salamanca meadowlands.\u00a0<\/span><\/li>\n<li style=\"font-weight: 400;\" aria-level=\"1\"><span style=\"font-weight: 400;\">The application of a contemporary formal language and functional criteria throughout the building to cede all protagonism to the materials.<\/span><\/li>\n<li style=\"font-weight: 400;\" aria-level=\"1\"><span style=\"font-weight: 400;\">Spaces specially adapted to fulfil the Foundation\u2019s purposes.<\/span><\/li>\n<\/ul>\n<p><span style=\"font-weight: 400;\">With a surface area of approximately 2,000 square metres, the Centre is spread across two independent rectangular floors. The ground floor comprises the exhibition hall and spaces for internal use, while the top floor accommodates a youth hostel, assembly hall and catering area (dining room and cafeteria). A large outdoor plaza is given over to terraces, multipurpose areas and services.<\/span><\/p>\n<\/div><\/div><div class=\"w-separator size_large\"><\/div>[vc_custom_heading text=&#8221;SPACES&#8221; font_container=&#8221;tag:h3|text_align:left&#8221; use_theme_fonts=&#8221;yes&#8221; el_class=&#8221;tituloSeccion&#8221;]<div class=\"w-separator size_small\"><\/div><div class=\"g-cols wpb_row via_flex valign_top type_default stacking_default\"><div class=\"vc_col-sm-4 wpb_column vc_column_container\"><div class=\"vc_column-inner\"><div class=\"wpb_wrapper\"><div class=\"w-image has_ratio align_none\"><div class=\"w-image-h\"><div style=\"padding-bottom:56.25%\"><\/div><img decoding=\"async\" width=\"2560\" height=\"1706\" src=\"https:\/\/www.fundacioncristinamasaveu.com\/wp-content\/uploads\/2023\/12\/4MR3772-scaled.jpg\" class=\"attachment-null size-null\" alt=\"\" loading=\"lazy\" \/><\/div><\/div><div class=\"wpb_text_column texto_raya\"><div class=\"wpb_wrapper\"><h6>YOUTH HOSTEL<\/h6>\n<p><span style=\"font-weight: 400;\">The hostel has a capacity for 76 people distributed in 6-bed dormitories, each with an en-suite bathroom. <\/span><span style=\"font-weight: 400;\">It is primarily intended for use by schools, as well as for groups of children and young people belonging to miscellaneous associations, organisations and institutions such as municipal or provincial councils, all accompanied by adult leaders. <\/span><span style=\"font-weight: 400;\">There is also an adapted dormitory for people with reduced mobility.<\/span><\/p>\n<p><span style=\"font-weight: 400;\">For more information and booking, write to <a href=\"mailto:infomorasverdes@fmcmp.com\">infomorasverdes@fmcmp.com<\/a><\/span><\/p>\n<\/div><\/div><\/div><\/div><\/div><div class=\"vc_col-sm-4 wpb_column vc_column_container\"><div class=\"vc_column-inner\"><div class=\"wpb_wrapper\"><div class=\"w-image has_ratio align_none\"><div class=\"w-image-h\"><div style=\"padding-bottom:56.25%\"><\/div><img decoding=\"async\" width=\"2560\" height=\"1732\" src=\"https:\/\/www.fundacioncristinamasaveu.com\/wp-content\/uploads\/2024\/01\/4MR3643-1-scaled.jpg\" class=\"attachment-null size-null\" alt=\"\" loading=\"lazy\" \/><\/div><\/div><div class=\"wpb_text_column texto_raya\"><div class=\"wpb_wrapper\"><h6>SPACE FMCMP<\/h6>\n<p>Located on the ground floor, it is the information point for visitors to the Centre. T<span style=\"font-weight: 400;\">his space allows the Foundation to publicise its cultural initiatives related to art and research through independent and specialist publications.<\/span><\/p>\n<\/div><\/div><\/div><\/div><\/div><div class=\"vc_col-sm-4 wpb_column vc_column_container\"><div class=\"vc_column-inner\"><div class=\"wpb_wrapper\"><div class=\"w-image has_ratio align_none\"><div class=\"w-image-h\"><div style=\"padding-bottom:56.25%\"><\/div><img decoding=\"async\" width=\"2560\" height=\"1643\" src=\"https:\/\/www.fundacioncristinamasaveu.com\/wp-content\/uploads\/2023\/12\/4MR3437-scaled.jpg\" class=\"attachment-null size-null\" alt=\"\" loading=\"lazy\" \/><\/div><\/div><div class=\"wpb_text_column texto_raya\"><div class=\"wpb_wrapper\"><h6>MAR\u00cdA CRISTINA MASAVEU ASSEMBLY HALL<\/h6>\n<p><span style=\"font-weight: 400;\">Activity space with a capacity for 100 people.<\/span><\/p>\n<\/div><\/div><\/div><\/div><\/div><\/div><div class=\"w-separator size_small\"><\/div><div class=\"g-cols wpb_row via_flex valign_top type_default stacking_default\"><div class=\"vc_col-sm-4 wpb_column vc_column_container\"><div class=\"vc_column-inner\"><div class=\"wpb_wrapper\"><div class=\"w-image has_ratio align_none\"><div class=\"w-image-h\"><div style=\"padding-bottom:56.25%\"><\/div><img decoding=\"async\" width=\"1990\" height=\"2048\" src=\"https:\/\/www.fundacioncristinamasaveu.com\/wp-content\/uploads\/2025\/10\/Sala-Hevia-Centro-FMCMP-Morasverdes.jpg\" class=\"attachment-null size-null\" alt=\"\" loading=\"lazy\" \/><\/div><\/div><div class=\"wpb_text_column texto_raya\"><div class=\"wpb_wrapper\"><h6>HEVIA HALL. LIBRARY<\/h6>\n<p><span style=\"font-weight: 400;\">Reference and free lending library, with the same opening times as the exhibition hall.<\/span><\/p>\n<p><span style=\"font-weight: 400;\">Specialised in books for children and young people, as well as publications on art and nature.<\/span><\/p>\n<\/div><\/div><\/div><\/div><\/div><div class=\"vc_col-sm-4 wpb_column vc_column_container\"><div class=\"vc_column-inner\"><div class=\"wpb_wrapper\"><div class=\"w-image has_ratio align_none\"><div class=\"w-image-h\"><div style=\"padding-bottom:56.25%\"><\/div><img decoding=\"async\" width=\"2560\" height=\"1706\" src=\"https:\/\/www.fundacioncristinamasaveu.com\/wp-content\/uploads\/2025\/10\/Vista-del-interior-del-Centro-FMCMP-Morasverdes.-Foto-Marcos-Morilla-4-scaled.jpg\" class=\"attachment-null size-null\" alt=\"\" loading=\"lazy\" \/><\/div><\/div><div class=\"wpb_text_column texto_raya\"><div class=\"wpb_wrapper\"><h6>CAFETERIA<\/h6>\n<p><span style=\"font-weight: 400;\">Cafeteria open to the general public, with the same opening times as the exhibition hall.<\/span><\/p>\n<\/div><\/div><\/div><\/div><\/div><div class=\"vc_col-sm-4 wpb_column vc_column_container\"><div class=\"vc_column-inner\"><div class=\"wpb_wrapper\"><div class=\"w-image has_ratio align_none\"><div class=\"w-image-h\"><div style=\"padding-bottom:56.25%\"><\/div><img decoding=\"async\" width=\"2560\" height=\"1707\" src=\"https:\/\/www.fundacioncristinamasaveu.com\/wp-content\/uploads\/2024\/01\/4MR3695-scaled.jpg\" class=\"attachment-null size-null\" alt=\"\" loading=\"lazy\" \/><\/div><\/div><div class=\"wpb_text_column texto_raya\"><div class=\"wpb_wrapper\"><h6>DINING ROOM<\/h6>\n<p><span style=\"font-weight: 400;\">Dining room for use by hostel guests.<\/span><\/p>\n<\/div><\/div><\/div><\/div><\/div><\/div><div class=\"w-separator size_small\"><\/div><div class=\"g-cols wpb_row via_flex valign_top type_default stacking_default\"><div class=\"vc_col-sm-4 wpb_column vc_column_container\"><div class=\"vc_column-inner\"><div class=\"wpb_wrapper\"><div class=\"w-image has_ratio align_none\"><div class=\"w-image-h\"><div style=\"padding-bottom:56.25%\"><\/div><img decoding=\"async\" width=\"2560\" height=\"2191\" src=\"https:\/\/www.fundacioncristinamasaveu.com\/wp-content\/uploads\/2023\/12\/4MR3778-scaled.jpg\" class=\"attachment-null size-null\" alt=\"\" loading=\"lazy\" \/><\/div><\/div><div class=\"wpb_text_column texto_raya\"><div class=\"wpb_wrapper\"><h6>LOUNGE<\/h6>\n<p><span style=\"font-weight: 400;\">Space for relaxing and socialising with other guests and visitors.<\/span><\/p>\n<\/div><\/div><\/div><\/div><\/div><div class=\"vc_col-sm-4 wpb_column vc_column_container\"><div class=\"vc_column-inner\"><div class=\"wpb_wrapper\"><div class=\"w-image has_ratio align_none\"><div class=\"w-image-h\"><div style=\"padding-bottom:56.25%\"><\/div><img decoding=\"async\" width=\"2048\" height=\"1362\" src=\"https:\/\/www.fundacioncristinamasaveu.com\/wp-content\/uploads\/2025\/10\/Sala-Covadonga-Centro-FMCMP-Morasverdes.jpg\" class=\"attachment-null size-null\" alt=\"\" loading=\"lazy\" \/><\/div><\/div><div class=\"wpb_text_column texto_raya\"><div class=\"wpb_wrapper\"><h6>COVADONGA HALL<\/h6>\n<p><span style=\"font-weight: 400;\">Multipurpose room.<\/span><\/p>\n<\/div><\/div><\/div><\/div><\/div><div class=\"vc_col-sm-4 wpb_column vc_column_container\"><div class=\"vc_column-inner\"><div class=\"wpb_wrapper\"><div class=\"w-image has_ratio align_none\"><div class=\"w-image-h\"><div style=\"padding-bottom:56.25%\"><\/div><img decoding=\"async\" width=\"2560\" height=\"1857\" src=\"https:\/\/www.fundacioncristinamasaveu.com\/wp-content\/uploads\/2025\/10\/Vista-de-sala-de-la-exposicion-Coleccion-FMCMP.-Arte-y-Naturaleza.-Centro-FMCMP-Morasverdes.-Foto-Marcos-Morilla-3-1-scaled.jpg\" class=\"attachment-null size-null\" alt=\"\" loading=\"lazy\" \/><\/div><\/div><div class=\"wpb_text_column texto_raya\"><div class=\"wpb_wrapper\"><h6>EXHIBITION HALL<\/h6>\n<p><span style=\"font-weight: 400;\">Located on the ground floor. <\/span><span style=\"font-weight: 400;\">The hall contains a permanent display entitled <\/span><i><span style=\"font-weight: 400;\">FMCMP Collection: Art and Nature. Footprints Are the Road.<\/span><\/i><\/p>\n<\/div><\/div><\/div><\/div><\/div><\/div><div class=\"w-separator size_small\"><\/div><div class=\"g-cols wpb_row via_flex valign_top type_default stacking_default\"><div class=\"vc_col-sm-4 wpb_column vc_column_container\"><div class=\"vc_column-inner\"><div class=\"wpb_wrapper\"><\/div><\/div><\/div><div class=\"vc_col-sm-4 wpb_column vc_column_container\"><div class=\"vc_column-inner\"><div class=\"wpb_wrapper\"><\/div><\/div><\/div><\/div><div class=\"w-separator size_medium\"><\/div><\/div><\/div><\/div><\/div><\/div><\/section><section class=\"l-section wpb_row height_medium\"><div class=\"l-section-h i-cf\"><div class=\"g-cols vc_row via_flex valign_top type_default stacking_default\"><div class=\"vc_col-sm-12 wpb_column vc_column_container\"><div class=\"vc_column-inner\"><div class=\"wpb_wrapper\"><\/div><\/div><\/div><\/div><\/div><\/section>\n<div class=\"gsp_post_data\" \r\n\t            data-post_type=\"page\" \r\n\t            data-cat=\"\" \r\n\t            data-modified=\"120\"\r\n\t            data-created=\"1558452482\"\r\n\t            data-title=\"THE BUILDING\" \r\n\t            data-home=\"https:\/\/www.fundacioncristinamasaveu.com\/en\/\"><\/div>","protected":false},"excerpt":{"rendered":"HomePages [vc_custom_heading text=\"THE CENTRE\" font_container=\"tag:h3|text_align:left\" use_theme_fonts=\"yes\" el_class=\"tituloSeccion\"]The FMCMP Morasverdes Centre is located in a new-build construction. Carried out by the architect Pelayo Rubiera S\u00e1nchez in collaboration with the Fundaci\u00f3n Mar\u00eda Cristina Masaveu Peterson, the building project (2016\u20132023) adopts the following premises: Maximum respect for the environment by integrating the building into the natural surroundings. This...","protected":false},"author":1,"featured_media":72095,"parent":37245,"menu_order":0,"comment_status":"closed","ping_status":"closed","template":"","meta":{"_acf_changed":false,"footnotes":"","_links_to":"","_links_to_target":""},"class_list":["post-71441","page","type-page","status-publish","has-post-thumbnail","hentry"],"acf":[],"yoast_head":"<!-- This site is optimized with the Yoast SEO plugin v27.5 - https:\/\/yoast.com\/product\/yoast-seo-wordpress\/ -->\n<title>THE BUILDING - Fundaci\u00f3n Maria Cristina Masaveu Peterson<\/title>\n<meta name=\"description\" content=\"The FMCMP Morasverdes Centre is located in a new-build construction.Carried out by the architect Pelayo Rubiera S\u00e1nchez in collaboration with the Fundaci\u00f3n Mar\u00eda Cristina Masaveu Peterson.\" \/>\n<meta name=\"robots\" content=\"index, follow, max-snippet:-1, max-image-preview:large, max-video-preview:-1\" \/>\n<link rel=\"canonical\" href=\"https:\/\/www.fundacioncristinamasaveu.com\/en\/centres\/fmcmp-morasverdes\/centro-fmcmp-morasverdes\/\" \/>\n<meta property=\"og:locale\" content=\"en_US\" \/>\n<meta property=\"og:type\" content=\"article\" \/>\n<meta property=\"og:title\" content=\"THE BUILDING - Fundaci\u00f3n Maria Cristina Masaveu Peterson\" \/>\n<meta property=\"og:description\" content=\"The FMCMP Morasverdes Centre is located in a new-build construction.Carried out by the architect Pelayo Rubiera S\u00e1nchez in collaboration with the Fundaci\u00f3n Mar\u00eda Cristina Masaveu Peterson.\" \/>\n<meta property=\"og:url\" content=\"https:\/\/www.fundacioncristinamasaveu.com\/en\/centres\/fmcmp-morasverdes\/centro-fmcmp-morasverdes\/\" \/>\n<meta property=\"og:site_name\" content=\"Fundaci\u00f3n Maria Cristina Masaveu Peterson\" \/>\n<meta property=\"article:modified_time\" content=\"2025-10-21T15:30:59+00:00\" \/>\n<meta property=\"og:image\" content=\"https:\/\/www.fundacioncristinamasaveu.com\/wp-content\/uploads\/2023\/12\/4MR3772-scaled.jpg\" \/>\n\t<meta property=\"og:image:width\" content=\"2560\" \/>\n\t<meta property=\"og:image:height\" content=\"1706\" \/>\n\t<meta property=\"og:image:type\" content=\"image\/jpeg\" \/>\n<meta name=\"twitter:card\" content=\"summary_large_image\" \/>\n<meta name=\"twitter:label1\" content=\"Est. reading time\" \/>\n\t<meta name=\"twitter:data1\" content=\"3 minutes\" \/>\n<script type=\"application\/ld+json\" class=\"yoast-schema-graph\">{\"@context\":\"https:\\\/\\\/schema.org\",\"@graph\":[{\"@type\":\"WebPage\",\"@id\":\"https:\\\/\\\/www.fundacioncristinamasaveu.com\\\/en\\\/centres\\\/fmcmp-morasverdes\\\/centro-fmcmp-morasverdes\\\/\",\"url\":\"https:\\\/\\\/www.fundacioncristinamasaveu.com\\\/en\\\/centres\\\/fmcmp-morasverdes\\\/centro-fmcmp-morasverdes\\\/\",\"name\":\"THE BUILDING - Fundaci\u00f3n Maria Cristina Masaveu Peterson\",\"isPartOf\":{\"@id\":\"https:\\\/\\\/www.fundacioncristinamasaveu.com\\\/#website\"},\"primaryImageOfPage\":{\"@id\":\"https:\\\/\\\/www.fundacioncristinamasaveu.com\\\/en\\\/centres\\\/fmcmp-morasverdes\\\/centro-fmcmp-morasverdes\\\/#primaryimage\"},\"image\":{\"@id\":\"https:\\\/\\\/www.fundacioncristinamasaveu.com\\\/en\\\/centres\\\/fmcmp-morasverdes\\\/centro-fmcmp-morasverdes\\\/#primaryimage\"},\"thumbnailUrl\":\"https:\\\/\\\/www.fundacioncristinamasaveu.com\\\/wp-content\\\/uploads\\\/2023\\\/12\\\/4MR3772-scaled.jpg\",\"datePublished\":\"2019-05-21T14:28:02+00:00\",\"dateModified\":\"2025-10-21T15:30:59+00:00\",\"description\":\"The FMCMP Morasverdes Centre is located in a new-build construction.Carried out by the architect Pelayo Rubiera S\u00e1nchez in collaboration with the Fundaci\u00f3n Mar\u00eda Cristina Masaveu Peterson.\",\"breadcrumb\":{\"@id\":\"https:\\\/\\\/www.fundacioncristinamasaveu.com\\\/en\\\/centres\\\/fmcmp-morasverdes\\\/centro-fmcmp-morasverdes\\\/#breadcrumb\"},\"inLanguage\":\"en-US\",\"potentialAction\":[{\"@type\":\"ReadAction\",\"target\":[\"https:\\\/\\\/www.fundacioncristinamasaveu.com\\\/en\\\/centres\\\/fmcmp-morasverdes\\\/centro-fmcmp-morasverdes\\\/\"]}]},{\"@type\":\"ImageObject\",\"inLanguage\":\"en-US\",\"@id\":\"https:\\\/\\\/www.fundacioncristinamasaveu.com\\\/en\\\/centres\\\/fmcmp-morasverdes\\\/centro-fmcmp-morasverdes\\\/#primaryimage\",\"url\":\"https:\\\/\\\/www.fundacioncristinamasaveu.com\\\/wp-content\\\/uploads\\\/2023\\\/12\\\/4MR3772-scaled.jpg\",\"contentUrl\":\"https:\\\/\\\/www.fundacioncristinamasaveu.com\\\/wp-content\\\/uploads\\\/2023\\\/12\\\/4MR3772-scaled.jpg\",\"width\":2560,\"height\":1706},{\"@type\":\"BreadcrumbList\",\"@id\":\"https:\\\/\\\/www.fundacioncristinamasaveu.com\\\/en\\\/centres\\\/fmcmp-morasverdes\\\/centro-fmcmp-morasverdes\\\/#breadcrumb\",\"itemListElement\":[{\"@type\":\"ListItem\",\"position\":1,\"name\":\"Portada\",\"item\":\"https:\\\/\\\/www.fundacioncristinamasaveu.com\\\/en\\\/\"},{\"@type\":\"ListItem\",\"position\":2,\"name\":\"CENTRES\",\"item\":\"https:\\\/\\\/www.fundacioncristinamasaveu.com\\\/en\\\/centres\\\/\"},{\"@type\":\"ListItem\",\"position\":3,\"name\":\"FMCMP MORASVERDES\",\"item\":\"https:\\\/\\\/www.fundacioncristinamasaveu.com\\\/en\\\/centres\\\/fmcmp-morasverdes\\\/\"},{\"@type\":\"ListItem\",\"position\":4,\"name\":\"THE BUILDING\"}]},{\"@type\":\"WebSite\",\"@id\":\"https:\\\/\\\/www.fundacioncristinamasaveu.com\\\/#website\",\"url\":\"https:\\\/\\\/www.fundacioncristinamasaveu.com\\\/\",\"name\":\"Fundaci\u00f3n Maria Cristina Masaveu Peterson\",\"description\":\"Web Fundaci\u00f3n Cristina Masaveu\",\"potentialAction\":[{\"@type\":\"SearchAction\",\"target\":{\"@type\":\"EntryPoint\",\"urlTemplate\":\"https:\\\/\\\/www.fundacioncristinamasaveu.com\\\/?s={search_term_string}\"},\"query-input\":{\"@type\":\"PropertyValueSpecification\",\"valueRequired\":true,\"valueName\":\"search_term_string\"}}],\"inLanguage\":\"en-US\"}]}<\/script>\n<!-- \/ Yoast SEO plugin. -->","yoast_head_json":{"title":"THE BUILDING - Fundaci\u00f3n Maria Cristina Masaveu Peterson","description":"The FMCMP Morasverdes Centre is located in a new-build construction.Carried out by the architect Pelayo Rubiera S\u00e1nchez in collaboration with the Fundaci\u00f3n Mar\u00eda Cristina Masaveu Peterson.","robots":{"index":"index","follow":"follow","max-snippet":"max-snippet:-1","max-image-preview":"max-image-preview:large","max-video-preview":"max-video-preview:-1"},"canonical":"https:\/\/www.fundacioncristinamasaveu.com\/en\/centres\/fmcmp-morasverdes\/centro-fmcmp-morasverdes\/","og_locale":"en_US","og_type":"article","og_title":"THE BUILDING - Fundaci\u00f3n Maria Cristina Masaveu Peterson","og_description":"The FMCMP Morasverdes Centre is located in a new-build construction.Carried out by the architect Pelayo Rubiera S\u00e1nchez in collaboration with the Fundaci\u00f3n Mar\u00eda Cristina Masaveu Peterson.","og_url":"https:\/\/www.fundacioncristinamasaveu.com\/en\/centres\/fmcmp-morasverdes\/centro-fmcmp-morasverdes\/","og_site_name":"Fundaci\u00f3n Maria Cristina Masaveu Peterson","article_modified_time":"2025-10-21T15:30:59+00:00","og_image":[{"width":2560,"height":1706,"url":"https:\/\/www.fundacioncristinamasaveu.com\/wp-content\/uploads\/2023\/12\/4MR3772-scaled.jpg","type":"image\/jpeg"}],"twitter_card":"summary_large_image","twitter_misc":{"Est. reading time":"3 minutes"},"schema":{"@context":"https:\/\/schema.org","@graph":[{"@type":"WebPage","@id":"https:\/\/www.fundacioncristinamasaveu.com\/en\/centres\/fmcmp-morasverdes\/centro-fmcmp-morasverdes\/","url":"https:\/\/www.fundacioncristinamasaveu.com\/en\/centres\/fmcmp-morasverdes\/centro-fmcmp-morasverdes\/","name":"THE BUILDING - Fundaci\u00f3n Maria Cristina Masaveu Peterson","isPartOf":{"@id":"https:\/\/www.fundacioncristinamasaveu.com\/#website"},"primaryImageOfPage":{"@id":"https:\/\/www.fundacioncristinamasaveu.com\/en\/centres\/fmcmp-morasverdes\/centro-fmcmp-morasverdes\/#primaryimage"},"image":{"@id":"https:\/\/www.fundacioncristinamasaveu.com\/en\/centres\/fmcmp-morasverdes\/centro-fmcmp-morasverdes\/#primaryimage"},"thumbnailUrl":"https:\/\/www.fundacioncristinamasaveu.com\/wp-content\/uploads\/2023\/12\/4MR3772-scaled.jpg","datePublished":"2019-05-21T14:28:02+00:00","dateModified":"2025-10-21T15:30:59+00:00","description":"The FMCMP Morasverdes Centre is located in a new-build construction.Carried out by the architect Pelayo Rubiera S\u00e1nchez in collaboration with the Fundaci\u00f3n Mar\u00eda Cristina Masaveu Peterson.","breadcrumb":{"@id":"https:\/\/www.fundacioncristinamasaveu.com\/en\/centres\/fmcmp-morasverdes\/centro-fmcmp-morasverdes\/#breadcrumb"},"inLanguage":"en-US","potentialAction":[{"@type":"ReadAction","target":["https:\/\/www.fundacioncristinamasaveu.com\/en\/centres\/fmcmp-morasverdes\/centro-fmcmp-morasverdes\/"]}]},{"@type":"ImageObject","inLanguage":"en-US","@id":"https:\/\/www.fundacioncristinamasaveu.com\/en\/centres\/fmcmp-morasverdes\/centro-fmcmp-morasverdes\/#primaryimage","url":"https:\/\/www.fundacioncristinamasaveu.com\/wp-content\/uploads\/2023\/12\/4MR3772-scaled.jpg","contentUrl":"https:\/\/www.fundacioncristinamasaveu.com\/wp-content\/uploads\/2023\/12\/4MR3772-scaled.jpg","width":2560,"height":1706},{"@type":"BreadcrumbList","@id":"https:\/\/www.fundacioncristinamasaveu.com\/en\/centres\/fmcmp-morasverdes\/centro-fmcmp-morasverdes\/#breadcrumb","itemListElement":[{"@type":"ListItem","position":1,"name":"Portada","item":"https:\/\/www.fundacioncristinamasaveu.com\/en\/"},{"@type":"ListItem","position":2,"name":"CENTRES","item":"https:\/\/www.fundacioncristinamasaveu.com\/en\/centres\/"},{"@type":"ListItem","position":3,"name":"FMCMP MORASVERDES","item":"https:\/\/www.fundacioncristinamasaveu.com\/en\/centres\/fmcmp-morasverdes\/"},{"@type":"ListItem","position":4,"name":"THE BUILDING"}]},{"@type":"WebSite","@id":"https:\/\/www.fundacioncristinamasaveu.com\/#website","url":"https:\/\/www.fundacioncristinamasaveu.com\/","name":"Fundaci\u00f3n Maria Cristina Masaveu Peterson","description":"Web Fundaci\u00f3n Cristina Masaveu","potentialAction":[{"@type":"SearchAction","target":{"@type":"EntryPoint","urlTemplate":"https:\/\/www.fundacioncristinamasaveu.com\/?s={search_term_string}"},"query-input":{"@type":"PropertyValueSpecification","valueRequired":true,"valueName":"search_term_string"}}],"inLanguage":"en-US"}]}},"_links":{"self":[{"href":"https:\/\/www.fundacioncristinamasaveu.com\/en\/wp-json\/wp\/v2\/pages\/71441","targetHints":{"allow":["GET"]}}],"collection":[{"href":"https:\/\/www.fundacioncristinamasaveu.com\/en\/wp-json\/wp\/v2\/pages"}],"about":[{"href":"https:\/\/www.fundacioncristinamasaveu.com\/en\/wp-json\/wp\/v2\/types\/page"}],"author":[{"embeddable":true,"href":"https:\/\/www.fundacioncristinamasaveu.com\/en\/wp-json\/wp\/v2\/users\/1"}],"replies":[{"embeddable":true,"href":"https:\/\/www.fundacioncristinamasaveu.com\/en\/wp-json\/wp\/v2\/comments?post=71441"}],"version-history":[{"count":28,"href":"https:\/\/www.fundacioncristinamasaveu.com\/en\/wp-json\/wp\/v2\/pages\/71441\/revisions"}],"predecessor-version":[{"id":82619,"href":"https:\/\/www.fundacioncristinamasaveu.com\/en\/wp-json\/wp\/v2\/pages\/71441\/revisions\/82619"}],"up":[{"embeddable":true,"href":"https:\/\/www.fundacioncristinamasaveu.com\/en\/wp-json\/wp\/v2\/pages\/37245"}],"wp:featuredmedia":[{"embeddable":true,"href":"https:\/\/www.fundacioncristinamasaveu.com\/en\/wp-json\/wp\/v2\/media\/72095"}],"wp:attachment":[{"href":"https:\/\/www.fundacioncristinamasaveu.com\/en\/wp-json\/wp\/v2\/media?parent=71441"}],"curies":[{"name":"wp","href":"https:\/\/api.w.org\/{rel}","templated":true}]}}