{"id":66812,"date":"2019-08-23T11:17:37","date_gmt":"2019-08-23T10:17:37","guid":{"rendered":"https:\/\/www.fundacioncristinamasaveu.com\/?page_id=66812"},"modified":"2022-04-05T11:19:50","modified_gmt":"2022-04-05T10:19:50","slug":"audioguides-visions-of-asturias","status":"publish","type":"page","link":"https:\/\/www.fundacioncristinamasaveu.com\/en\/canal-fmcmp\/audioguides-visions-of-asturias\/","title":{"rendered":"AUDIOGUIDES. Visions of Asturias"},"content":{"rendered":"<section class=\"l-section wpb_row height_auto\" id=\"contenedor_info\"><div class=\"l-section-h i-cf\"><div class=\"g-cols vc_row via_flex valign_top type_default stacking_default\"><div class=\"vc_col-sm-12 wpb_column vc_column_container\"><div class=\"vc_column-inner\"><div class=\"wpb_wrapper\"><div class=\"w-separator size_small\"><\/div><div class=\"wpb_text_column\"><div class=\"wpb_wrapper\"><nav class=\"g-breadcrumbs separator_icon align_none\" itemscope itemtype=\"http:\/\/schema.org\/BreadcrumbList\"><div class=\"g-breadcrumbs-item\" itemscope itemprop=\"itemListElement\" itemtype=\"http:\/\/schema.org\/ListItem\"><a itemprop=\"item\" href=\"https:\/\/www.fundacioncristinamasaveu.com\/en\/\"><span itemprop=\"name\">Home<\/span><\/a><meta itemprop=\"position\" content=\"1\"\/><\/div><div class=\"g-breadcrumbs-separator\"><i class=\"far fa-angle-right\"><\/i><\/div><div class=\"g-breadcrumbs-item\">Pages<\/div><\/nav>\n<\/div><\/div><div class=\"w-separator size_small\"><\/div>[vc_custom_heading source=&#8221;post_title&#8221; font_container=&#8221;tag:h3|text_align:left&#8221; use_theme_fonts=&#8221;yes&#8221; el_class=&#8221;tituloSeccion&#8221;]<div class=\"w-separator size_small\"><\/div><\/div><\/div><\/div><\/div><\/div><\/section><section class=\"l-section wpb_row height_small\" id=\"audioguides\"><div class=\"l-section-h i-cf\"><div class=\"g-cols vc_row via_flex valign_top type_default stacking_default\"><div class=\"vc_col-sm-12 wpb_column vc_column_container\"><div class=\"vc_column-inner\"><div class=\"wpb_wrapper\"><div class=\"w-grid us_grid type_grid layout_34749 cols_3 overflow_hidden preload_style_spinner\" id=\"audioguias\" style=\"--columns:3;--gap:1.5rem;\" data-filterable=\"true\"><style>@media (max-width:1024px){#audioguias{--columns:2!important}}@media (max-width:600px){#audioguias{--columns:1!important}}.layout_34749 .w-grid-item-h{background:#ffffff}.layout_34749 .usg_vwrapper_1{color:#222222!important;padding-left:4px!important;border-left-width:1px!important;border-color:var(--color-header-middle-text)!important;border-left-style:solid!important}.layout_34749 .usg_post_custom_field_1{font-weight:600!important;line-height:20px!important}.layout_34749 .usg_post_custom_field_2{line-height:20px!important}.layout_34749 .usg_text_1{color:#55b507!important;font-size:0.8em!important;line-height:22px!important}<\/style><div class=\"w-grid-list\">\t<article class=\"w-grid-item size_1x1 post-66714 post type-post status-publish format-standard has-post-thumbnail hentry category-audioguide-miradas-de-asturias\" data-id=\"66714\">\r\n\t\t<div class=\"w-grid-item-h\">\r\n\t\t\t\t\t\t\t<a href=\"https:\/\/www.fundacioncristinamasaveu.com\/en\/introduction-visions-of-asturias\/\" class=\"w-grid-item-anchor\" aria-label=\"Introduction Visions of Asturias\"><\/a>\r\n\t\t\t\t\t\t<div class=\"w-post-elm post_image usg_post_image_1 imagen_audioguias stretched\"><img loading=\"lazy\" decoding=\"async\" thumbnail=\"us_600_400_crop\" width=\"600\" height=\"400\" src=\"https:\/\/www.fundacioncristinamasaveu.com\/wp-content\/uploads\/2017\/06\/Chema-Madoz-Marzo_001-NIV-hojas-virada-RET-IMP-copia-600x400.jpg\" class=\"attachment-us_600_400_crop size-us_600_400_crop wp-post-image\" alt=\"\" \/><\/div><div class=\"w-vwrapper usg_vwrapper_1 has_text_color align_left valign_top\"><div class=\"w-text usg_text_1 has_text_color\"><span class=\"w-text-h\"><span class=\"w-text-value\">AUDIOGUIDE<\/span><\/span><\/div><div class=\"w-post-elm post_custom_field usg_post_custom_field_1 type_text titulo_obra color_link_inherit\"><span class=\"w-post-elm-value\">Introduction Visions of Asturias<\/span><\/div><div class=\"w-post-elm post_custom_field usg_post_custom_field_2 type_text autor_obraa color_link_inherit\"><span class=\"w-post-elm-value\">FMCMP<\/span><\/div><div class=\"w-post-elm post_custom_field usg_post_custom_field_3 type_text duracion color_link_inherit\"><span class=\"w-post-elm-before\">Duration: <\/span><span class=\"w-post-elm-value\">1'39\"<\/span><\/div><\/div>\t\t<\/div>\r\n\t\t\t<\/article>\r\n\t<article class=\"w-grid-item size_1x1 post-66130 post type-post status-publish format-standard has-post-thumbnail hentry category-audioguide-miradas-de-asturias\" data-id=\"66130\">\r\n\t\t<div class=\"w-grid-item-h\">\r\n\t\t\t\t\t\t\t<a href=\"https:\/\/www.fundacioncristinamasaveu.com\/en\/visions-of-asturias-collection-alberto-garcia-alix\/\" class=\"w-grid-item-anchor\" aria-label=\"Alberto Garc\u00eda-Alix. Untitled\"><\/a>\r\n\t\t\t\t\t\t<div class=\"w-post-elm post_image usg_post_image_1 imagen_audioguias stretched\"><img loading=\"lazy\" decoding=\"async\" thumbnail=\"us_600_400_crop\" width=\"600\" height=\"400\" src=\"https:\/\/www.fundacioncristinamasaveu.com\/wp-content\/uploads\/2016\/11\/miradas_alix_obras_10-600x400.jpg\" class=\"attachment-us_600_400_crop size-us_600_400_crop wp-post-image\" alt=\"\" \/><\/div><div class=\"w-vwrapper usg_vwrapper_1 has_text_color align_left valign_top\"><div class=\"w-text usg_text_1 has_text_color\"><span class=\"w-text-h\"><span class=\"w-text-value\">AUDIOGUIDE<\/span><\/span><\/div><div class=\"w-post-elm post_custom_field usg_post_custom_field_1 type_text titulo_obra color_link_inherit\"><span class=\"w-post-elm-value\">Beloved Homeland series, 2012<\/span><\/div><div class=\"w-post-elm post_custom_field usg_post_custom_field_2 type_text autor_obraa color_link_inherit\"><span class=\"w-post-elm-value\">Alberto Garc\u00eda-Alix<\/span><\/div><div class=\"w-post-elm post_custom_field usg_post_custom_field_3 type_text duracion color_link_inherit\"><span class=\"w-post-elm-before\">Duration: <\/span><span class=\"w-post-elm-value\">2'54\"<\/span><\/div><\/div>\t\t<\/div>\r\n\t\t\t<\/article>\r\n\t<article class=\"w-grid-item size_1x1 post-66134 post type-post status-publish format-standard has-post-thumbnail hentry category-audioguide-miradas-de-asturias\" data-id=\"66134\">\r\n\t\t<div class=\"w-grid-item-h\">\r\n\t\t\t\t\t\t\t<a href=\"https:\/\/www.fundacioncristinamasaveu.com\/en\/visions-of-asturias-collection-jose-manuel-ballester\/\" class=\"w-grid-item-anchor\" aria-label=\"Jos\u00e9 Manuel Ballester. Abo\u00f1o 1\"><\/a>\r\n\t\t\t\t\t\t<div class=\"w-post-elm post_image usg_post_image_1 imagen_audioguias stretched\"><img loading=\"lazy\" decoding=\"async\" thumbnail=\"us_600_400_crop\" width=\"600\" height=\"400\" src=\"https:\/\/www.fundacioncristinamasaveu.com\/wp-content\/uploads\/2016\/12\/124_BALLESTER_ABO\u00d1O-1-600x400.jpg\" class=\"attachment-us_600_400_crop size-us_600_400_crop wp-post-image\" alt=\"\" \/><\/div><div class=\"w-vwrapper usg_vwrapper_1 has_text_color align_left valign_top\"><div class=\"w-text usg_text_1 has_text_color\"><span class=\"w-text-h\"><span class=\"w-text-value\">AUDIOGUIDE<\/span><\/span><\/div><div class=\"w-post-elm post_custom_field usg_post_custom_field_1 type_text titulo_obra color_link_inherit\"><span class=\"w-post-elm-value\">Allumar series, 2013<\/span><\/div><div class=\"w-post-elm post_custom_field usg_post_custom_field_2 type_text autor_obraa color_link_inherit\"><span class=\"w-post-elm-value\">Jos\u00e9 Manuel Ballester<\/span><\/div><div class=\"w-post-elm post_custom_field usg_post_custom_field_3 type_text duracion color_link_inherit\"><span class=\"w-post-elm-before\">Duration: <\/span><span class=\"w-post-elm-value\">2'36\"<\/span><\/div><\/div>\t\t<\/div>\r\n\t\t\t<\/article>\r\n\t<article class=\"w-grid-item size_1x1 post-66141 post type-post status-publish format-standard has-post-thumbnail hentry category-audioguide-miradas-de-asturias\" data-id=\"66141\">\r\n\t\t<div class=\"w-grid-item-h\">\r\n\t\t\t\t\t\t\t<a href=\"https:\/\/www.fundacioncristinamasaveu.com\/en\/visions-of-asturias-collection-ouka-leele\/\" class=\"w-grid-item-anchor\" aria-label=\"Ouka Leele. Snow-White Blooming. Pe\u00f1anes de Morc\u00edn\"><\/a>\r\n\t\t\t\t\t\t<div class=\"w-post-elm post_image usg_post_image_1 imagen_audioguias stretched\"><img loading=\"lazy\" decoding=\"async\" thumbnail=\"us_600_400_crop\" width=\"600\" height=\"400\" src=\"https:\/\/www.fundacioncristinamasaveu.com\/wp-content\/uploads\/2016\/11\/193_OUKA-LEELE-MA_40-600x400.jpg\" class=\"attachment-us_600_400_crop size-us_600_400_crop wp-post-image\" alt=\"\" \/><\/div><div class=\"w-vwrapper usg_vwrapper_1 has_text_color align_left valign_top\"><div class=\"w-text usg_text_1 has_text_color\"><span class=\"w-text-h\"><span class=\"w-text-value\">AUDIOGUIDE<\/span><\/span><\/div><div class=\"w-post-elm post_custom_field usg_post_custom_field_1 type_text titulo_obra color_link_inherit\"><span class=\"w-post-elm-value\">Where the Light Takes Me series, 2015.<\/span><\/div><div class=\"w-post-elm post_custom_field usg_post_custom_field_2 type_text autor_obraa color_link_inherit\"><span class=\"w-post-elm-value\">Ouka Leele<\/span><\/div><div class=\"w-post-elm post_custom_field usg_post_custom_field_3 type_text duracion color_link_inherit\"><span class=\"w-post-elm-before\">Duration: <\/span><span class=\"w-post-elm-value\">2'42\"<\/span><\/div><\/div>\t\t<\/div>\r\n\t\t\t<\/article>\r\n\t<article class=\"w-grid-item size_1x1 post-66146 post type-post status-publish format-standard has-post-thumbnail hentry category-audioguide-miradas-de-asturias\" data-id=\"66146\">\r\n\t\t<div class=\"w-grid-item-h\">\r\n\t\t\t\t\t\t\t<a href=\"https:\/\/www.fundacioncristinamasaveu.com\/en\/visions-of-asturias-collection-chema-madoz\/\" class=\"w-grid-item-anchor\" aria-label=\"Chema Madoz. Untitled\"><\/a>\r\n\t\t\t\t\t\t<div class=\"w-post-elm post_image usg_post_image_1 imagen_audioguias stretched\"><img loading=\"lazy\" decoding=\"async\" thumbnail=\"us_600_400_crop\" width=\"600\" height=\"400\" src=\"https:\/\/www.fundacioncristinamasaveu.com\/wp-content\/uploads\/2021\/01\/MADOZ_025-REC-NIV-RET-copia-600x400.jpeg\" class=\"attachment-us_600_400_crop size-us_600_400_crop wp-post-image\" alt=\"\" \/><\/div><div class=\"w-vwrapper usg_vwrapper_1 has_text_color align_left valign_top\"><div class=\"w-text usg_text_1 has_text_color\"><span class=\"w-text-h\"><span class=\"w-text-value\">AUDIOGUIDE<\/span><\/span><\/div><div class=\"w-post-elm post_custom_field usg_post_custom_field_1 type_text titulo_obra color_link_inherit\"><span class=\"w-post-elm-value\">The Immobile Traveler series, 2017<\/span><\/div><div class=\"w-post-elm post_custom_field usg_post_custom_field_2 type_text autor_obraa color_link_inherit\"><span class=\"w-post-elm-value\">Chema Madoz<\/span><\/div><div class=\"w-post-elm post_custom_field usg_post_custom_field_3 type_text duracion color_link_inherit\"><span class=\"w-post-elm-before\">Duration: <\/span><span class=\"w-post-elm-value\">2'53\"<\/span><\/div><\/div>\t\t<\/div>\r\n\t\t\t<\/article>\r\n<\/div>\t<div class=\"w-grid-preloader\">\r\n\t\t<div class=\"g-preloader type_1\">\r\n\t\t\t<div><\/div>\r\n\t\t<\/div>\r\n\t<\/div>\r\n\t\t<div class=\"w-grid-json hidden\" onclick='return {&quot;action&quot;:&quot;us_ajax_grid&quot;,&quot;infinite_scroll&quot;:0,&quot;max_num_pages&quot;:1,&quot;pagination&quot;:&quot;none&quot;,&quot;template_vars&quot;:{&quot;columns&quot;:&quot;3&quot;,&quot;exclude_items&quot;:&quot;none&quot;,&quot;img_size&quot;:&quot;default&quot;,&quot;ignore_items_size&quot;:0,&quot;items_layout&quot;:&quot;34749&quot;,&quot;items_offset&quot;:&quot;1&quot;,&quot;load_animation&quot;:&quot;none&quot;,&quot;overriding_link&quot;:&quot;%7B%22type%22%3A%22post%22%7D&quot;,&quot;post_id&quot;:0,&quot;query_args&quot;:{&quot;post_type&quot;:[&quot;post&quot;],&quot;tax_query&quot;:[{&quot;taxonomy&quot;:&quot;category&quot;,&quot;field&quot;:&quot;slug&quot;,&quot;terms&quot;:[&quot;audioguide-miradas-de-asturias&quot;]}],&quot;post_status&quot;:[&quot;publish&quot;,&quot;acf-disabled&quot;],&quot;posts_per_page&quot;:&quot;90&quot;},&quot;orderby_query_args&quot;:{&quot;orderby&quot;:&quot;custom_field_num&quot;,&quot;meta_key&quot;:&quot;orden&quot;,&quot;order&quot;:&quot;ASC&quot;},&quot;type&quot;:&quot;grid&quot;,&quot;us_grid_post_type&quot;:&quot;post&quot;,&quot;us_grid_ajax_index&quot;:1,&quot;us_grid_filter_query_string&quot;:null,&quot;us_grid_index&quot;:1,&quot;page_args&quot;:[],&quot;lang&quot;:&quot;en&quot;}}'><\/div>\r\n\t<\/div><div class=\"w-separator size_small\"><\/div><\/div><\/div><\/div><\/div><\/div><\/section>\n<div class=\"gsp_post_data\" \r\n\t            data-post_type=\"page\" \r\n\t            data-cat=\"\" \r\n\t            data-modified=\"120\"\r\n\t            data-created=\"1566559057\"\r\n\t            data-title=\"AUDIOGUIDES. Visions of Asturias\" \r\n\t            data-home=\"https:\/\/www.fundacioncristinamasaveu.com\/en\/\"><\/div>","protected":false},"excerpt":{"rendered":"","protected":false},"author":1,"featured_media":73475,"parent":37917,"menu_order":0,"comment_status":"closed","ping_status":"closed","template":"","meta":{"_acf_changed":false,"footnotes":"","_links_to":"","_links_to_target":""},"class_list":["post-66812","page","type-page","status-publish","has-post-thumbnail","hentry"],"acf":[],"yoast_head":"<!-- This site is optimized with the Yoast SEO plugin v27.3 - https:\/\/yoast.com\/product\/yoast-seo-wordpress\/ -->\n<title>AUDIOGUIDES. Visions of Asturias - Fundaci\u00f3n Maria Cristina Masaveu Peterson<\/title>\n<meta name=\"description\" content=\"Canal de la Fundaci\u00f3n Mar\u00eda Cristina Masaveu Peterson\" \/>\n<meta name=\"robots\" content=\"index, follow, max-snippet:-1, max-image-preview:large, max-video-preview:-1\" \/>\n<link rel=\"canonical\" href=\"https:\/\/www.fundacioncristinamasaveu.com\/en\/canal-fmcmp\/audioguides-visions-of-asturias\/\" \/>\n<meta property=\"og:locale\" content=\"en_US\" \/>\n<meta property=\"og:type\" content=\"article\" \/>\n<meta property=\"og:title\" content=\"AUDIOGUIDES. Visions of Asturias - Fundaci\u00f3n Maria Cristina Masaveu Peterson\" \/>\n<meta property=\"og:description\" content=\"Canal de la Fundaci\u00f3n Mar\u00eda Cristina Masaveu Peterson\" \/>\n<meta property=\"og:url\" content=\"https:\/\/www.fundacioncristinamasaveu.com\/en\/canal-fmcmp\/audioguides-visions-of-asturias\/\" \/>\n<meta property=\"og:site_name\" content=\"Fundaci\u00f3n Maria Cristina Masaveu Peterson\" \/>\n<meta property=\"article:modified_time\" content=\"2022-04-05T10:19:50+00:00\" \/>\n<meta property=\"og:image\" content=\"https:\/\/www.fundacioncristinamasaveu.com\/wp-content\/uploads\/2020\/03\/2020-03-27_1.jpg\" \/>\n<meta name=\"twitter:card\" content=\"summary_large_image\" \/>\n<meta name=\"twitter:label1\" content=\"Est. reading time\" \/>\n\t<meta name=\"twitter:data1\" content=\"6 minutes\" \/>\n<script type=\"application\/ld+json\" class=\"yoast-schema-graph\">{\"@context\":\"https:\\\/\\\/schema.org\",\"@graph\":[{\"@type\":\"WebPage\",\"@id\":\"https:\\\/\\\/www.fundacioncristinamasaveu.com\\\/en\\\/canal-fmcmp\\\/audioguides-visions-of-asturias\\\/\",\"url\":\"https:\\\/\\\/www.fundacioncristinamasaveu.com\\\/en\\\/canal-fmcmp\\\/audioguides-visions-of-asturias\\\/\",\"name\":\"AUDIOGUIDES. Visions of Asturias - Fundaci\u00f3n Maria Cristina Masaveu Peterson\",\"isPartOf\":{\"@id\":\"https:\\\/\\\/www.fundacioncristinamasaveu.com\\\/#website\"},\"primaryImageOfPage\":{\"@id\":\"https:\\\/\\\/www.fundacioncristinamasaveu.com\\\/en\\\/canal-fmcmp\\\/audioguides-visions-of-asturias\\\/#primaryimage\"},\"image\":{\"@id\":\"https:\\\/\\\/www.fundacioncristinamasaveu.com\\\/en\\\/canal-fmcmp\\\/audioguides-visions-of-asturias\\\/#primaryimage\"},\"thumbnailUrl\":\"https:\\\/\\\/www.fundacioncristinamasaveu.com\\\/wp-content\\\/uploads\\\/2024\\\/05\\\/124_BALLESTER_ABONO-1-600x400-1.jpg\",\"datePublished\":\"2019-08-23T10:17:37+00:00\",\"dateModified\":\"2022-04-05T10:19:50+00:00\",\"description\":\"Canal de la Fundaci\u00f3n Mar\u00eda Cristina Masaveu Peterson\",\"breadcrumb\":{\"@id\":\"https:\\\/\\\/www.fundacioncristinamasaveu.com\\\/en\\\/canal-fmcmp\\\/audioguides-visions-of-asturias\\\/#breadcrumb\"},\"inLanguage\":\"en-US\",\"potentialAction\":[{\"@type\":\"ReadAction\",\"target\":[\"https:\\\/\\\/www.fundacioncristinamasaveu.com\\\/en\\\/canal-fmcmp\\\/audioguides-visions-of-asturias\\\/\"]}]},{\"@type\":\"ImageObject\",\"inLanguage\":\"en-US\",\"@id\":\"https:\\\/\\\/www.fundacioncristinamasaveu.com\\\/en\\\/canal-fmcmp\\\/audioguides-visions-of-asturias\\\/#primaryimage\",\"url\":\"https:\\\/\\\/www.fundacioncristinamasaveu.com\\\/wp-content\\\/uploads\\\/2024\\\/05\\\/124_BALLESTER_ABONO-1-600x400-1.jpg\",\"contentUrl\":\"https:\\\/\\\/www.fundacioncristinamasaveu.com\\\/wp-content\\\/uploads\\\/2024\\\/05\\\/124_BALLESTER_ABONO-1-600x400-1.jpg\",\"width\":600,\"height\":400},{\"@type\":\"BreadcrumbList\",\"@id\":\"https:\\\/\\\/www.fundacioncristinamasaveu.com\\\/en\\\/canal-fmcmp\\\/audioguides-visions-of-asturias\\\/#breadcrumb\",\"itemListElement\":[{\"@type\":\"ListItem\",\"position\":1,\"name\":\"Portada\",\"item\":\"https:\\\/\\\/www.fundacioncristinamasaveu.com\\\/en\\\/\"},{\"@type\":\"ListItem\",\"position\":2,\"name\":\"FMCMP Channel\",\"item\":\"https:\\\/\\\/www.fundacioncristinamasaveu.com\\\/en\\\/canal-fmcmp\\\/\"},{\"@type\":\"ListItem\",\"position\":3,\"name\":\"AUDIOGUIDES. Visions of Asturias\"}]},{\"@type\":\"WebSite\",\"@id\":\"https:\\\/\\\/www.fundacioncristinamasaveu.com\\\/#website\",\"url\":\"https:\\\/\\\/www.fundacioncristinamasaveu.com\\\/\",\"name\":\"Fundaci\u00f3n Maria Cristina Masaveu Peterson\",\"description\":\"Web Fundaci\u00f3n Cristina Masaveu\",\"potentialAction\":[{\"@type\":\"SearchAction\",\"target\":{\"@type\":\"EntryPoint\",\"urlTemplate\":\"https:\\\/\\\/www.fundacioncristinamasaveu.com\\\/?s={search_term_string}\"},\"query-input\":{\"@type\":\"PropertyValueSpecification\",\"valueRequired\":true,\"valueName\":\"search_term_string\"}}],\"inLanguage\":\"en-US\"}]}<\/script>\n<!-- \/ Yoast SEO plugin. -->","yoast_head_json":{"title":"AUDIOGUIDES. Visions of Asturias - Fundaci\u00f3n Maria Cristina Masaveu Peterson","description":"Canal de la Fundaci\u00f3n Mar\u00eda Cristina Masaveu Peterson","robots":{"index":"index","follow":"follow","max-snippet":"max-snippet:-1","max-image-preview":"max-image-preview:large","max-video-preview":"max-video-preview:-1"},"canonical":"https:\/\/www.fundacioncristinamasaveu.com\/en\/canal-fmcmp\/audioguides-visions-of-asturias\/","og_locale":"en_US","og_type":"article","og_title":"AUDIOGUIDES. Visions of Asturias - Fundaci\u00f3n Maria Cristina Masaveu Peterson","og_description":"Canal de la Fundaci\u00f3n Mar\u00eda Cristina Masaveu Peterson","og_url":"https:\/\/www.fundacioncristinamasaveu.com\/en\/canal-fmcmp\/audioguides-visions-of-asturias\/","og_site_name":"Fundaci\u00f3n Maria Cristina Masaveu Peterson","article_modified_time":"2022-04-05T10:19:50+00:00","og_image":[{"url":"https:\/\/www.fundacioncristinamasaveu.com\/wp-content\/uploads\/2020\/03\/2020-03-27_1.jpg","type":"","width":"","height":""}],"twitter_card":"summary_large_image","twitter_misc":{"Est. reading time":"6 minutes"},"schema":{"@context":"https:\/\/schema.org","@graph":[{"@type":"WebPage","@id":"https:\/\/www.fundacioncristinamasaveu.com\/en\/canal-fmcmp\/audioguides-visions-of-asturias\/","url":"https:\/\/www.fundacioncristinamasaveu.com\/en\/canal-fmcmp\/audioguides-visions-of-asturias\/","name":"AUDIOGUIDES. Visions of Asturias - Fundaci\u00f3n Maria Cristina Masaveu Peterson","isPartOf":{"@id":"https:\/\/www.fundacioncristinamasaveu.com\/#website"},"primaryImageOfPage":{"@id":"https:\/\/www.fundacioncristinamasaveu.com\/en\/canal-fmcmp\/audioguides-visions-of-asturias\/#primaryimage"},"image":{"@id":"https:\/\/www.fundacioncristinamasaveu.com\/en\/canal-fmcmp\/audioguides-visions-of-asturias\/#primaryimage"},"thumbnailUrl":"https:\/\/www.fundacioncristinamasaveu.com\/wp-content\/uploads\/2024\/05\/124_BALLESTER_ABONO-1-600x400-1.jpg","datePublished":"2019-08-23T10:17:37+00:00","dateModified":"2022-04-05T10:19:50+00:00","description":"Canal de la Fundaci\u00f3n Mar\u00eda Cristina Masaveu Peterson","breadcrumb":{"@id":"https:\/\/www.fundacioncristinamasaveu.com\/en\/canal-fmcmp\/audioguides-visions-of-asturias\/#breadcrumb"},"inLanguage":"en-US","potentialAction":[{"@type":"ReadAction","target":["https:\/\/www.fundacioncristinamasaveu.com\/en\/canal-fmcmp\/audioguides-visions-of-asturias\/"]}]},{"@type":"ImageObject","inLanguage":"en-US","@id":"https:\/\/www.fundacioncristinamasaveu.com\/en\/canal-fmcmp\/audioguides-visions-of-asturias\/#primaryimage","url":"https:\/\/www.fundacioncristinamasaveu.com\/wp-content\/uploads\/2024\/05\/124_BALLESTER_ABONO-1-600x400-1.jpg","contentUrl":"https:\/\/www.fundacioncristinamasaveu.com\/wp-content\/uploads\/2024\/05\/124_BALLESTER_ABONO-1-600x400-1.jpg","width":600,"height":400},{"@type":"BreadcrumbList","@id":"https:\/\/www.fundacioncristinamasaveu.com\/en\/canal-fmcmp\/audioguides-visions-of-asturias\/#breadcrumb","itemListElement":[{"@type":"ListItem","position":1,"name":"Portada","item":"https:\/\/www.fundacioncristinamasaveu.com\/en\/"},{"@type":"ListItem","position":2,"name":"FMCMP Channel","item":"https:\/\/www.fundacioncristinamasaveu.com\/en\/canal-fmcmp\/"},{"@type":"ListItem","position":3,"name":"AUDIOGUIDES. Visions of Asturias"}]},{"@type":"WebSite","@id":"https:\/\/www.fundacioncristinamasaveu.com\/#website","url":"https:\/\/www.fundacioncristinamasaveu.com\/","name":"Fundaci\u00f3n Maria Cristina Masaveu Peterson","description":"Web Fundaci\u00f3n Cristina Masaveu","potentialAction":[{"@type":"SearchAction","target":{"@type":"EntryPoint","urlTemplate":"https:\/\/www.fundacioncristinamasaveu.com\/?s={search_term_string}"},"query-input":{"@type":"PropertyValueSpecification","valueRequired":true,"valueName":"search_term_string"}}],"inLanguage":"en-US"}]}},"_links":{"self":[{"href":"https:\/\/www.fundacioncristinamasaveu.com\/en\/wp-json\/wp\/v2\/pages\/66812","targetHints":{"allow":["GET"]}}],"collection":[{"href":"https:\/\/www.fundacioncristinamasaveu.com\/en\/wp-json\/wp\/v2\/pages"}],"about":[{"href":"https:\/\/www.fundacioncristinamasaveu.com\/en\/wp-json\/wp\/v2\/types\/page"}],"author":[{"embeddable":true,"href":"https:\/\/www.fundacioncristinamasaveu.com\/en\/wp-json\/wp\/v2\/users\/1"}],"replies":[{"embeddable":true,"href":"https:\/\/www.fundacioncristinamasaveu.com\/en\/wp-json\/wp\/v2\/comments?post=66812"}],"version-history":[{"count":4,"href":"https:\/\/www.fundacioncristinamasaveu.com\/en\/wp-json\/wp\/v2\/pages\/66812\/revisions"}],"predecessor-version":[{"id":66885,"href":"https:\/\/www.fundacioncristinamasaveu.com\/en\/wp-json\/wp\/v2\/pages\/66812\/revisions\/66885"}],"up":[{"embeddable":true,"href":"https:\/\/www.fundacioncristinamasaveu.com\/en\/wp-json\/wp\/v2\/pages\/37917"}],"wp:featuredmedia":[{"embeddable":true,"href":"https:\/\/www.fundacioncristinamasaveu.com\/en\/wp-json\/wp\/v2\/media\/73475"}],"wp:attachment":[{"href":"https:\/\/www.fundacioncristinamasaveu.com\/en\/wp-json\/wp\/v2\/media?parent=66812"}],"curies":[{"name":"wp","href":"https:\/\/api.w.org\/{rel}","templated":true}]}}