{"id":4594,"date":"2016-11-17T12:42:47","date_gmt":"2016-11-17T12:42:47","guid":{"rendered":"http:\/\/www.fundacioncristinamasaveu.com\/the-fundacion-maria-cristina-masaveu-peterson\/the-foundation\/"},"modified":"2024-05-20T09:36:04","modified_gmt":"2024-05-20T08:36:04","slug":"fmcmp","status":"publish","type":"page","link":"https:\/\/www.fundacioncristinamasaveu.com\/en\/foundation\/the-foundation\/fmcmp\/","title":{"rendered":"FMCMP"},"content":{"rendered":"<section class=\"l-section wpb_row height_auto\" id=\"contenedor_info\"><div class=\"l-section-h i-cf\"><div class=\"g-cols vc_row via_flex valign_middle type_default stacking_default\"><div class=\"vc_col-sm-12 wpb_column vc_column_container\"><div class=\"vc_column-inner\"><div class=\"wpb_wrapper\"><div class=\"w-separator size_small\"><\/div><div class=\"wpb_text_column\"><div class=\"wpb_wrapper\"><nav class=\"g-breadcrumbs separator_icon align_none\" itemscope itemtype=\"http:\/\/schema.org\/BreadcrumbList\"><div class=\"g-breadcrumbs-item\" itemscope itemprop=\"itemListElement\" itemtype=\"http:\/\/schema.org\/ListItem\"><a itemprop=\"item\" href=\"https:\/\/www.fundacioncristinamasaveu.com\/en\/\"><span itemprop=\"name\">Home<\/span><\/a><meta itemprop=\"position\" content=\"1\"\/><\/div><div class=\"g-breadcrumbs-separator\"><i class=\"far fa-angle-right\"><\/i><\/div><div class=\"g-breadcrumbs-item\">Pages<\/div><\/nav>\n<\/div><\/div><div class=\"w-separator size_small\"><\/div>[vc_custom_heading text=&#8221;FMCMP&#8221; font_container=&#8221;tag:h3|text_align:left&#8221; use_theme_fonts=&#8221;yes&#8221; el_class=&#8221;tituloSeccion&#8221;]<div class=\"w-separator size_small\"><\/div>[vc_custom_heading text=&#8221;BACKGROUND AND HERITAGE&#8221; font_container=&#8221;tag:h5|text_align:left&#8221; use_theme_fonts=&#8221;yes&#8221; el_class=&#8221;tituloSubseccion&#8221;]<div class=\"wpb_text_column\"><div class=\"wpb_wrapper\"><p>The Foundation was formed on 5 May 2006 by Mar\u00eda Cristina Masaveu Peterson via a Public Deed signed before the Notary Public of Oviedo, Luis Alfonso Tejuca Pend\u00e1s, under notary record number 1814.<\/p>\n<p>With great generosity, Mar\u00eda Cristina Masaveu Peterson provided the Foundation with endowment assets which, based on a management that is subject to the principles of responsibility, optimisation and discretion, enables it to maintain its equity balance and finance all of its activities and projects independently, without receiving any type of public or private funds or subsidies.<\/p>\n<p>The Foundation was authorised and registered in the Foundations Registry of the Ministry of Culture by virtue of Order 2373\/2006, of 30 June, under record number 714.<\/p>\n<p>Since then the Foundation is based in Madrid and, in collaboration with other management offices in different areas of Spain, it effectuates the goals for which it was created.<\/p>\n<p>In accordance with its Statutes, and on a non-profit basis, the Foundation\u2019s goals are as follows:<\/p>\n<ul>\n<li>The promotion, dissemination, conservation, recovery and restoration of Spain\u2019s Historical Heritage, Music and Art in general.<\/li>\n<li>The professional training of young workers, ensuring comprehensive, human and professional education.<\/li>\n<li>Scientific research, with particular focus on the technological development of the cement manufacturing industry and its subsequent applications.<\/li>\n<\/ul>\n<p>In compliance with the aforementioned objectives, the Foundation carries out its activities in accordance with the law, its statutory rules and the principles of effectiveness, planning, independence, transparency, accountability and resource optimisation, in order to obtain the best result for the society and for the beneficiaries of its activities and projects.<\/p>\n<\/div><\/div><div class=\"w-separator size_small\"><\/div>[vc_custom_heading text=&#8221;EXPLANATORY STATEMENT&#8221; font_container=&#8221;tag:h5|text_align:left&#8221; use_theme_fonts=&#8221;yes&#8221; el_class=&#8221;tituloSubseccion&#8221;]<div class=\"wpb_text_column\"><div class=\"wpb_wrapper\"><p>Mar\u00eda Cristina Masaveu Peterson created the Foundation and explains the reasons that led her to do that when she writes:<\/p>\n<p style=\"padding-left: 40px;\"><em>That it is her intention to create this foundation to maintain tradition in the good governance of the \u201cMasaveu House\u201d, and to seek stability for that Business Group, formed by the descendants of Pedro Masaveu Rovira, a group of companies that have been creating jobs and wealth in the areas where they operate since 1840, as well as honour, maintain and continue the cultural and entrepreneurial work of her deceased and beloved father, Pedro Masaveu y Masaveu, great patron of everything related to the arts, music, literature and conservation of the cultural heritage that previous generations have bequeathed to us.<\/em><\/p>\n<p style=\"padding-left: 40px;\"><em>She remembers her late brother Pedro Masaveu Peterson, guarantor of these values \u200b\u200bduring his presidency of this group, and creator of an art collection now owned by public institutions, as well as her late cousin, El\u00edas Masaveu Alonso del Campo, close collaborator in maintaining the business activity and cultural spirit of the \u201cHouse\u201d.<\/em><br \/>\n<em><br \/>\nShe, continuing with this spirit throughout her life, wishes it to be her nephew and son of El\u00edas Masaveu Alonso del Campo, Fernando Mar\u00eda Masaveu Herrero, who continues this work at the head of this foundation, and for this to be the extension of the benefactor activity and that, for that purpose, it has its own means, as far as they reach, and collaborates with public or private institutions that share those aims.<\/em><\/p>\n<\/div><\/div><div class=\"w-separator size_small\"><\/div>[vc_custom_heading text=&#8221;STATEMENTS&#8221; font_container=&#8221;tag:h5|text_align:left&#8221; use_theme_fonts=&#8221;yes&#8221; el_class=&#8221;tituloSubseccion&#8221;]<div class=\"w-iconbox iconpos_left style_circle color_custom align_left no_text\"><a target=\" _blank\" rel=\"nofollow\" href=\"\/wp-content\/uploads\/2019\/08\/ESTATUTOS-FMCMP_4.06.2018_ES.pdf\" class=\"w-iconbox-link\" aria-label=\"Statements\"><div class=\"w-iconbox-icon\" style=\"font-size:1em;--icon-color:#ffffff;--icon-bg-color:#7fba28;\"><i class=\"fas fa-file-pdf\"><\/i><\/div><\/a><div class=\"w-iconbox-meta\"><p class=\"w-iconbox-title\" style=\"font-size:1em;\"><a target=\" _blank\" rel=\"nofollow\" href=\"\/wp-content\/uploads\/2019\/08\/ESTATUTOS-FMCMP_4.06.2018_ES.pdf\" class=\"w-iconbox-link\" aria-label=\"Statements\">Statements<\/a><\/p><\/div><\/div><\/div><\/div><\/div><\/div><\/div><\/section>\n<div class=\"gsp_post_data\" \r\n\t            data-post_type=\"page\" \r\n\t            data-cat=\"\" \r\n\t            data-modified=\"120\"\r\n\t            data-created=\"1479386567\"\r\n\t            data-title=\"FMCMP\" \r\n\t            data-home=\"https:\/\/www.fundacioncristinamasaveu.com\/en\/\"><\/div>","protected":false},"excerpt":{"rendered":"HomePages [vc_custom_heading text=\"FMCMP\" font_container=\"tag:h3|text_align:left\" use_theme_fonts=\"yes\" el_class=\"tituloSeccion\"][vc_custom_heading text=\"BACKGROUND AND HERITAGE\" font_container=\"tag:h5|text_align:left\" use_theme_fonts=\"yes\" el_class=\"tituloSubseccion\"]The Foundation was formed on 5 May 2006 by Mar\u00eda Cristina Masaveu Peterson via a Public Deed signed before the Notary Public of Oviedo, Luis Alfonso Tejuca Pend\u00e1s, under notary record number 1814. With great generosity, Mar\u00eda Cristina Masaveu Peterson provided the Foundation with...","protected":false},"author":1,"featured_media":73386,"parent":4493,"menu_order":0,"comment_status":"closed","ping_status":"closed","template":"","meta":{"_acf_changed":false,"footnotes":"","_links_to":"","_links_to_target":""},"class_list":["post-4594","page","type-page","status-publish","has-post-thumbnail","hentry"],"acf":[],"yoast_head":"<!-- This site is optimized with the Yoast SEO plugin v27.3 - https:\/\/yoast.com\/product\/yoast-seo-wordpress\/ -->\n<title>FMCMP - Fundaci\u00f3n Maria Cristina Masaveu Peterson<\/title>\n<meta name=\"robots\" content=\"index, follow, max-snippet:-1, max-image-preview:large, max-video-preview:-1\" \/>\n<link rel=\"canonical\" href=\"https:\/\/www.fundacioncristinamasaveu.com\/en\/foundation\/the-foundation\/fmcmp\/\" \/>\n<meta property=\"og:locale\" content=\"en_US\" \/>\n<meta property=\"og:type\" content=\"article\" \/>\n<meta property=\"og:title\" content=\"FMCMP - Fundaci\u00f3n Maria Cristina Masaveu Peterson\" \/>\n<meta property=\"og:url\" content=\"https:\/\/www.fundacioncristinamasaveu.com\/en\/foundation\/the-foundation\/fmcmp\/\" \/>\n<meta property=\"og:site_name\" content=\"Fundaci\u00f3n Maria Cristina Masaveu Peterson\" \/>\n<meta property=\"article:modified_time\" content=\"2024-05-20T08:36:04+00:00\" \/>\n<meta property=\"og:image\" content=\"https:\/\/www.fundacioncristinamasaveu.com\/wp-content\/uploads\/2024\/05\/PORTADILLA_NOSTROS_1200x800-600x400-1.jpg\" \/>\n\t<meta property=\"og:image:width\" content=\"600\" \/>\n\t<meta property=\"og:image:height\" content=\"400\" \/>\n\t<meta property=\"og:image:type\" content=\"image\/jpeg\" \/>\n<meta name=\"twitter:card\" content=\"summary_large_image\" \/>\n<meta name=\"twitter:label1\" content=\"Est. reading time\" \/>\n\t<meta name=\"twitter:data1\" content=\"3 minutes\" \/>\n<script type=\"application\/ld+json\" class=\"yoast-schema-graph\">{\"@context\":\"https:\\\/\\\/schema.org\",\"@graph\":[{\"@type\":\"WebPage\",\"@id\":\"https:\\\/\\\/www.fundacioncristinamasaveu.com\\\/en\\\/foundation\\\/the-foundation\\\/fmcmp\\\/\",\"url\":\"https:\\\/\\\/www.fundacioncristinamasaveu.com\\\/en\\\/foundation\\\/the-foundation\\\/fmcmp\\\/\",\"name\":\"FMCMP - Fundaci\u00f3n Maria Cristina Masaveu Peterson\",\"isPartOf\":{\"@id\":\"https:\\\/\\\/www.fundacioncristinamasaveu.com\\\/#website\"},\"primaryImageOfPage\":{\"@id\":\"https:\\\/\\\/www.fundacioncristinamasaveu.com\\\/en\\\/foundation\\\/the-foundation\\\/fmcmp\\\/#primaryimage\"},\"image\":{\"@id\":\"https:\\\/\\\/www.fundacioncristinamasaveu.com\\\/en\\\/foundation\\\/the-foundation\\\/fmcmp\\\/#primaryimage\"},\"thumbnailUrl\":\"https:\\\/\\\/www.fundacioncristinamasaveu.com\\\/wp-content\\\/uploads\\\/2024\\\/05\\\/PORTADILLA_NOSTROS_1200x800-600x400-1.jpg\",\"datePublished\":\"2016-11-17T12:42:47+00:00\",\"dateModified\":\"2024-05-20T08:36:04+00:00\",\"breadcrumb\":{\"@id\":\"https:\\\/\\\/www.fundacioncristinamasaveu.com\\\/en\\\/foundation\\\/the-foundation\\\/fmcmp\\\/#breadcrumb\"},\"inLanguage\":\"en-US\",\"potentialAction\":[{\"@type\":\"ReadAction\",\"target\":[\"https:\\\/\\\/www.fundacioncristinamasaveu.com\\\/en\\\/foundation\\\/the-foundation\\\/fmcmp\\\/\"]}]},{\"@type\":\"ImageObject\",\"inLanguage\":\"en-US\",\"@id\":\"https:\\\/\\\/www.fundacioncristinamasaveu.com\\\/en\\\/foundation\\\/the-foundation\\\/fmcmp\\\/#primaryimage\",\"url\":\"https:\\\/\\\/www.fundacioncristinamasaveu.com\\\/wp-content\\\/uploads\\\/2024\\\/05\\\/PORTADILLA_NOSTROS_1200x800-600x400-1.jpg\",\"contentUrl\":\"https:\\\/\\\/www.fundacioncristinamasaveu.com\\\/wp-content\\\/uploads\\\/2024\\\/05\\\/PORTADILLA_NOSTROS_1200x800-600x400-1.jpg\",\"width\":600,\"height\":400},{\"@type\":\"BreadcrumbList\",\"@id\":\"https:\\\/\\\/www.fundacioncristinamasaveu.com\\\/en\\\/foundation\\\/the-foundation\\\/fmcmp\\\/#breadcrumb\",\"itemListElement\":[{\"@type\":\"ListItem\",\"position\":1,\"name\":\"Portada\",\"item\":\"https:\\\/\\\/www.fundacioncristinamasaveu.com\\\/en\\\/\"},{\"@type\":\"ListItem\",\"position\":2,\"name\":\"FOUNDATION\",\"item\":\"https:\\\/\\\/www.fundacioncristinamasaveu.com\\\/en\\\/foundation\\\/\"},{\"@type\":\"ListItem\",\"position\":3,\"name\":\"THE FOUNDATION\",\"item\":\"https:\\\/\\\/www.fundacioncristinamasaveu.com\\\/en\\\/foundation\\\/the-foundation\\\/\"},{\"@type\":\"ListItem\",\"position\":4,\"name\":\"FMCMP\"}]},{\"@type\":\"WebSite\",\"@id\":\"https:\\\/\\\/www.fundacioncristinamasaveu.com\\\/#website\",\"url\":\"https:\\\/\\\/www.fundacioncristinamasaveu.com\\\/\",\"name\":\"Fundaci\u00f3n Maria Cristina Masaveu Peterson\",\"description\":\"Web Fundaci\u00f3n Cristina Masaveu\",\"potentialAction\":[{\"@type\":\"SearchAction\",\"target\":{\"@type\":\"EntryPoint\",\"urlTemplate\":\"https:\\\/\\\/www.fundacioncristinamasaveu.com\\\/?s={search_term_string}\"},\"query-input\":{\"@type\":\"PropertyValueSpecification\",\"valueRequired\":true,\"valueName\":\"search_term_string\"}}],\"inLanguage\":\"en-US\"}]}<\/script>\n<!-- \/ Yoast SEO plugin. -->","yoast_head_json":{"title":"FMCMP - Fundaci\u00f3n Maria Cristina Masaveu Peterson","robots":{"index":"index","follow":"follow","max-snippet":"max-snippet:-1","max-image-preview":"max-image-preview:large","max-video-preview":"max-video-preview:-1"},"canonical":"https:\/\/www.fundacioncristinamasaveu.com\/en\/foundation\/the-foundation\/fmcmp\/","og_locale":"en_US","og_type":"article","og_title":"FMCMP - Fundaci\u00f3n Maria Cristina Masaveu Peterson","og_url":"https:\/\/www.fundacioncristinamasaveu.com\/en\/foundation\/the-foundation\/fmcmp\/","og_site_name":"Fundaci\u00f3n Maria Cristina Masaveu Peterson","article_modified_time":"2024-05-20T08:36:04+00:00","og_image":[{"width":600,"height":400,"url":"https:\/\/www.fundacioncristinamasaveu.com\/wp-content\/uploads\/2024\/05\/PORTADILLA_NOSTROS_1200x800-600x400-1.jpg","type":"image\/jpeg"}],"twitter_card":"summary_large_image","twitter_misc":{"Est. reading time":"3 minutes"},"schema":{"@context":"https:\/\/schema.org","@graph":[{"@type":"WebPage","@id":"https:\/\/www.fundacioncristinamasaveu.com\/en\/foundation\/the-foundation\/fmcmp\/","url":"https:\/\/www.fundacioncristinamasaveu.com\/en\/foundation\/the-foundation\/fmcmp\/","name":"FMCMP - Fundaci\u00f3n Maria Cristina Masaveu Peterson","isPartOf":{"@id":"https:\/\/www.fundacioncristinamasaveu.com\/#website"},"primaryImageOfPage":{"@id":"https:\/\/www.fundacioncristinamasaveu.com\/en\/foundation\/the-foundation\/fmcmp\/#primaryimage"},"image":{"@id":"https:\/\/www.fundacioncristinamasaveu.com\/en\/foundation\/the-foundation\/fmcmp\/#primaryimage"},"thumbnailUrl":"https:\/\/www.fundacioncristinamasaveu.com\/wp-content\/uploads\/2024\/05\/PORTADILLA_NOSTROS_1200x800-600x400-1.jpg","datePublished":"2016-11-17T12:42:47+00:00","dateModified":"2024-05-20T08:36:04+00:00","breadcrumb":{"@id":"https:\/\/www.fundacioncristinamasaveu.com\/en\/foundation\/the-foundation\/fmcmp\/#breadcrumb"},"inLanguage":"en-US","potentialAction":[{"@type":"ReadAction","target":["https:\/\/www.fundacioncristinamasaveu.com\/en\/foundation\/the-foundation\/fmcmp\/"]}]},{"@type":"ImageObject","inLanguage":"en-US","@id":"https:\/\/www.fundacioncristinamasaveu.com\/en\/foundation\/the-foundation\/fmcmp\/#primaryimage","url":"https:\/\/www.fundacioncristinamasaveu.com\/wp-content\/uploads\/2024\/05\/PORTADILLA_NOSTROS_1200x800-600x400-1.jpg","contentUrl":"https:\/\/www.fundacioncristinamasaveu.com\/wp-content\/uploads\/2024\/05\/PORTADILLA_NOSTROS_1200x800-600x400-1.jpg","width":600,"height":400},{"@type":"BreadcrumbList","@id":"https:\/\/www.fundacioncristinamasaveu.com\/en\/foundation\/the-foundation\/fmcmp\/#breadcrumb","itemListElement":[{"@type":"ListItem","position":1,"name":"Portada","item":"https:\/\/www.fundacioncristinamasaveu.com\/en\/"},{"@type":"ListItem","position":2,"name":"FOUNDATION","item":"https:\/\/www.fundacioncristinamasaveu.com\/en\/foundation\/"},{"@type":"ListItem","position":3,"name":"THE FOUNDATION","item":"https:\/\/www.fundacioncristinamasaveu.com\/en\/foundation\/the-foundation\/"},{"@type":"ListItem","position":4,"name":"FMCMP"}]},{"@type":"WebSite","@id":"https:\/\/www.fundacioncristinamasaveu.com\/#website","url":"https:\/\/www.fundacioncristinamasaveu.com\/","name":"Fundaci\u00f3n Maria Cristina Masaveu Peterson","description":"Web Fundaci\u00f3n Cristina Masaveu","potentialAction":[{"@type":"SearchAction","target":{"@type":"EntryPoint","urlTemplate":"https:\/\/www.fundacioncristinamasaveu.com\/?s={search_term_string}"},"query-input":{"@type":"PropertyValueSpecification","valueRequired":true,"valueName":"search_term_string"}}],"inLanguage":"en-US"}]}},"_links":{"self":[{"href":"https:\/\/www.fundacioncristinamasaveu.com\/en\/wp-json\/wp\/v2\/pages\/4594","targetHints":{"allow":["GET"]}}],"collection":[{"href":"https:\/\/www.fundacioncristinamasaveu.com\/en\/wp-json\/wp\/v2\/pages"}],"about":[{"href":"https:\/\/www.fundacioncristinamasaveu.com\/en\/wp-json\/wp\/v2\/types\/page"}],"author":[{"embeddable":true,"href":"https:\/\/www.fundacioncristinamasaveu.com\/en\/wp-json\/wp\/v2\/users\/1"}],"replies":[{"embeddable":true,"href":"https:\/\/www.fundacioncristinamasaveu.com\/en\/wp-json\/wp\/v2\/comments?post=4594"}],"version-history":[{"count":4,"href":"https:\/\/www.fundacioncristinamasaveu.com\/en\/wp-json\/wp\/v2\/pages\/4594\/revisions"}],"predecessor-version":[{"id":36676,"href":"https:\/\/www.fundacioncristinamasaveu.com\/en\/wp-json\/wp\/v2\/pages\/4594\/revisions\/36676"}],"up":[{"embeddable":true,"href":"https:\/\/www.fundacioncristinamasaveu.com\/en\/wp-json\/wp\/v2\/pages\/4493"}],"wp:featuredmedia":[{"embeddable":true,"href":"https:\/\/www.fundacioncristinamasaveu.com\/en\/wp-json\/wp\/v2\/media\/73386"}],"wp:attachment":[{"href":"https:\/\/www.fundacioncristinamasaveu.com\/en\/wp-json\/wp\/v2\/media?parent=4594"}],"curies":[{"name":"wp","href":"https:\/\/api.w.org\/{rel}","templated":true}]}}