{"id":37241,"date":"2019-09-16T17:28:37","date_gmt":"2019-09-16T16:28:37","guid":{"rendered":"https:\/\/www.fundacioncristinamasaveu.com\/centres\/"},"modified":"2025-07-08T10:58:53","modified_gmt":"2025-07-08T09:58:53","slug":"centres","status":"publish","type":"page","link":"https:\/\/www.fundacioncristinamasaveu.com\/en\/centres\/","title":{"rendered":"CENTRES"},"content":{"rendered":"<section class=\"l-section wpb_row height_auto\" id=\"contenedor_info\"><div class=\"l-section-h i-cf\"><div class=\"g-cols vc_row via_flex valign_top type_default stacking_default\"><div class=\"vc_col-sm-12 wpb_column vc_column_container\"><div class=\"vc_column-inner\"><div class=\"wpb_wrapper\"><div class=\"w-separator size_small\"><\/div><div class=\"wpb_text_column\"><div class=\"wpb_wrapper\"><nav class=\"g-breadcrumbs separator_icon align_none\" itemscope itemtype=\"http:\/\/schema.org\/BreadcrumbList\"><div class=\"g-breadcrumbs-item\" itemscope itemprop=\"itemListElement\" itemtype=\"http:\/\/schema.org\/ListItem\"><a itemprop=\"item\" href=\"https:\/\/www.fundacioncristinamasaveu.com\/en\/\"><span itemprop=\"name\">Home<\/span><\/a><meta itemprop=\"position\" content=\"1\"\/><\/div><div class=\"g-breadcrumbs-separator\"><i class=\"far fa-angle-right\"><\/i><\/div><div class=\"g-breadcrumbs-item\">Pages<\/div><\/nav>\n<\/div><\/div><div class=\"w-separator size_small\"><\/div>[vc_custom_heading text=&#8221;CENTRES&#8221; font_container=&#8221;tag:h3|text_align:left&#8221; use_theme_fonts=&#8221;yes&#8221; el_class=&#8221;tituloSeccion&#8221;]<div class=\"w-separator size_small\"><\/div><div class=\"w-grid us_grid type_grid layout_28484 cols_3 preload_style_spinner\" id=\"us_grid_1\" style=\"--columns:3;--gap:1.5rem;\"><style>@media (max-width:1024px){#us_grid_1{--columns:2!important}}@media (max-width:600px){#us_grid_1{--columns:1!important}}.layout_28484 .w-grid-item-h{background:#ffffff}@media(max-width:39px){.layout_28484 .usg_post_custom_field_1{display:none!important}}.layout_28484 .usg_post_image_1{position:static!important}.layout_28484 .usg_vwrapper_1{padding-left:10px!important;padding-right:10px!important;border-color:#222222!important;border-style:solid!important;border-width:0 0 0 1px!important}.layout_28484 .usg_post_title_1{font-size:1.3em!important}.layout_28484 .usg_post_custom_field_1{font-weight:600!important;text-transform:uppercase!important;font-size:1.3em!important}.layout_28484 .usg_post_custom_field_2{font-weight:300!important;text-transform:uppercase!important;font-size:1em!important}<\/style><div class=\"w-grid-list\">\t<article class=\"w-grid-item size_1x1 post-37245 page type-page status-publish has-post-thumbnail hentry\" data-id=\"37245\">\r\n\t\t<div class=\"w-grid-item-h\">\r\n\t\t\t\t\t\t<div class=\"w-post-elm post_image usg_post_image_1 stretched\"><a href=\"https:\/\/www.fundacioncristinamasaveu.com\/en\/centres\/fmcmp-morasverdes\/\" aria-label=\"FMCMP MORASVERDES\"><img loading=\"lazy\" decoding=\"async\" thumbnail=\"us_600_338_crop\" width=\"600\" height=\"338\" src=\"https:\/\/www.fundacioncristinamasaveu.com\/wp-content\/uploads\/2024\/12\/4MR7770-2-600x338.png\" class=\"attachment-us_600_338_crop size-us_600_338_crop wp-post-image\" alt=\"\" \/><\/a><\/div><div class=\"w-vwrapper usg_vwrapper_1 align_left valign_top\"><div class=\"w-post-elm post_title usg_post_title_1 align_left entry-title color_link_inherit\"><a href=\"https:\/\/www.fundacioncristinamasaveu.com\/en\/centres\/fmcmp-morasverdes\/\">FMCMP MORASVERDES<\/a><\/div><\/div>\t\t<\/div>\r\n\t\t\t<\/article>\r\n\t<article class=\"w-grid-item size_1x1 post-37247 page type-page status-publish has-post-thumbnail hentry\" data-id=\"37247\">\r\n\t\t<div class=\"w-grid-item-h\">\r\n\t\t\t\t\t\t<div class=\"w-post-elm post_image usg_post_image_1 stretched\"><a href=\"https:\/\/www.fundacioncristinamasaveu.com\/en\/centres\/fmcmp-palacio-de-hevia\/\" aria-label=\"FMCMP PALACIO DE HEVIA\"><img loading=\"lazy\" decoding=\"async\" thumbnail=\"us_600_338_crop\" width=\"600\" height=\"338\" src=\"https:\/\/www.fundacioncristinamasaveu.com\/wp-content\/uploads\/2019\/09\/palacio-de-hevia-1200x675-600x338.jpg\" class=\"attachment-us_600_338_crop size-us_600_338_crop wp-post-image\" alt=\"\" srcset=\"https:\/\/www.fundacioncristinamasaveu.com\/wp-content\/uploads\/2019\/09\/palacio-de-hevia-1200x675-600x338.jpg 600w, https:\/\/www.fundacioncristinamasaveu.com\/wp-content\/uploads\/2019\/09\/palacio-de-hevia-1200x675-300x169.jpg 300w, https:\/\/www.fundacioncristinamasaveu.com\/wp-content\/uploads\/2019\/09\/palacio-de-hevia-1200x675-1024x576.jpg 1024w, https:\/\/www.fundacioncristinamasaveu.com\/wp-content\/uploads\/2019\/09\/palacio-de-hevia-1200x675-768x432.jpg 768w, https:\/\/www.fundacioncristinamasaveu.com\/wp-content\/uploads\/2019\/09\/palacio-de-hevia-1200x675.jpg 1200w\" sizes=\"auto, (max-width: 600px) 100vw, 600px\" \/><\/a><\/div><div class=\"w-vwrapper usg_vwrapper_1 align_left valign_top\"><div class=\"w-post-elm post_title usg_post_title_1 align_left entry-title color_link_inherit\"><a href=\"https:\/\/www.fundacioncristinamasaveu.com\/en\/centres\/fmcmp-palacio-de-hevia\/\">FMCMP PALACIO DE HEVIA<\/a><\/div><\/div>\t\t<\/div>\r\n\t\t\t<\/article>\r\n\t<article class=\"w-grid-item size_1x1 post-37945 page type-page status-publish has-post-thumbnail hentry\" data-id=\"37945\">\r\n\t\t<div class=\"w-grid-item-h\">\r\n\t\t\t\t\t\t<div class=\"w-post-elm post_image usg_post_image_1 stretched\"><a href=\"https:\/\/www.fundacioncristinamasaveu.com\/en\/centres\/fmcmps-madrid-headquarters\/\" aria-label=\"FMCMP MADRID CENTRE\"><img loading=\"lazy\" decoding=\"async\" thumbnail=\"us_600_338_crop\" width=\"600\" height=\"338\" src=\"https:\/\/www.fundacioncristinamasaveu.com\/wp-content\/uploads\/2019\/08\/alcala-galiano-1200x675-600x338.jpg\" class=\"attachment-us_600_338_crop size-us_600_338_crop wp-post-image\" alt=\"\" srcset=\"https:\/\/www.fundacioncristinamasaveu.com\/wp-content\/uploads\/2019\/08\/alcala-galiano-1200x675-600x338.jpg 600w, https:\/\/www.fundacioncristinamasaveu.com\/wp-content\/uploads\/2019\/08\/alcala-galiano-1200x675-300x169.jpg 300w, https:\/\/www.fundacioncristinamasaveu.com\/wp-content\/uploads\/2019\/08\/alcala-galiano-1200x675-1024x576.jpg 1024w, https:\/\/www.fundacioncristinamasaveu.com\/wp-content\/uploads\/2019\/08\/alcala-galiano-1200x675-768x432.jpg 768w, https:\/\/www.fundacioncristinamasaveu.com\/wp-content\/uploads\/2019\/08\/alcala-galiano-1200x675.jpg 1200w\" sizes=\"auto, (max-width: 600px) 100vw, 600px\" \/><\/a><\/div><div class=\"w-vwrapper usg_vwrapper_1 align_left valign_top\"><div class=\"w-post-elm post_title usg_post_title_1 align_left entry-title color_link_inherit\"><a href=\"https:\/\/www.fundacioncristinamasaveu.com\/en\/centres\/fmcmps-madrid-headquarters\/\">FMCMP MADRID CENTRE<\/a><\/div><\/div>\t\t<\/div>\r\n\t\t\t<\/article>\r\n<\/div>\t<div class=\"w-grid-preloader\">\r\n\t\t<div class=\"g-preloader type_1\">\r\n\t\t\t<div><\/div>\r\n\t\t<\/div>\r\n\t<\/div>\r\n\t\t<div class=\"w-grid-json hidden\" onclick='return {&quot;action&quot;:&quot;us_ajax_grid&quot;,&quot;infinite_scroll&quot;:0,&quot;max_num_pages&quot;:1,&quot;pagination&quot;:&quot;none&quot;,&quot;template_vars&quot;:{&quot;columns&quot;:&quot;3&quot;,&quot;exclude_items&quot;:&quot;none&quot;,&quot;img_size&quot;:&quot;default&quot;,&quot;ignore_items_size&quot;:0,&quot;items_layout&quot;:&quot;28484&quot;,&quot;items_offset&quot;:&quot;1&quot;,&quot;load_animation&quot;:&quot;none&quot;,&quot;overriding_link&quot;:&quot;%7B%22url%22%3A%22%22%7D&quot;,&quot;post_id&quot;:0,&quot;query_args&quot;:{&quot;ignore_sticky_posts&quot;:1,&quot;post_type&quot;:&quot;any&quot;,&quot;post__in&quot;:[&quot;37245&quot;,&quot;37945&quot;,&quot;37247&quot;],&quot;tax_query&quot;:[{&quot;taxonomy&quot;:&quot;product_visibility&quot;,&quot;field&quot;:&quot;slug&quot;,&quot;terms&quot;:[&quot;exclude-from-catalog&quot;],&quot;operator&quot;:&quot;NOT IN&quot;}],&quot;posts_per_page&quot;:&quot;30&quot;},&quot;orderby_query_args&quot;:{&quot;orderby&quot;:{&quot;date&quot;:&quot;DESC&quot;}},&quot;type&quot;:&quot;grid&quot;,&quot;us_grid_post_type&quot;:&quot;ids&quot;,&quot;us_grid_ajax_index&quot;:1,&quot;us_grid_filter_query_string&quot;:null,&quot;us_grid_index&quot;:1,&quot;page_args&quot;:[],&quot;lang&quot;:&quot;en&quot;}}'><\/div>\r\n\t<\/div><\/div><\/div><\/div><\/div><\/div><\/section>\n<div class=\"gsp_post_data\" \r\n\t            data-post_type=\"page\" \r\n\t            data-cat=\"\" \r\n\t            data-modified=\"120\"\r\n\t            data-created=\"1568654917\"\r\n\t            data-title=\"CENTRES\" \r\n\t            data-home=\"https:\/\/www.fundacioncristinamasaveu.com\/en\/\"><\/div>","protected":false},"excerpt":{"rendered":"HomePages [vc_custom_heading source=\"post_title\" font_container=\"tag:h3|text_align:left\" use_theme_fonts=\"yes\" el_class=\"tituloSeccion\"]Mar\u00eda Cristina Masaveu Peterson Foundation Headquarters The Fundaci\u00f3n Mar\u00eda Cristina Masaveu Peterson is a non-profit, general-interest private Spanish cultural foundation. It was established in 2006 by Mar\u00eda Cristina Masaveu with the aim of promoting culture, education and scientific research both nationally and internationally in keeping with the Masaveu family&#8217;s tradition...","protected":false},"author":1,"featured_media":0,"parent":0,"menu_order":0,"comment_status":"closed","ping_status":"closed","template":"","meta":{"_acf_changed":false,"footnotes":"","_links_to":"","_links_to_target":""},"class_list":["post-37241","page","type-page","status-publish","hentry"],"acf":[],"yoast_head":"<!-- This site is optimized with the Yoast SEO plugin v27.3 - https:\/\/yoast.com\/product\/yoast-seo-wordpress\/ -->\n<title>CENTRES - Fundaci\u00f3n Maria Cristina Masaveu Peterson<\/title>\n<meta name=\"robots\" content=\"index, follow, max-snippet:-1, max-image-preview:large, max-video-preview:-1\" \/>\n<link rel=\"canonical\" href=\"https:\/\/www.fundacioncristinamasaveu.com\/en\/centres\/\" \/>\n<meta property=\"og:locale\" content=\"en_US\" \/>\n<meta property=\"og:type\" content=\"article\" \/>\n<meta property=\"og:title\" content=\"CENTRES - Fundaci\u00f3n Maria Cristina Masaveu Peterson\" \/>\n<meta property=\"og:url\" content=\"https:\/\/www.fundacioncristinamasaveu.com\/en\/centres\/\" \/>\n<meta property=\"og:site_name\" content=\"Fundaci\u00f3n Maria Cristina Masaveu Peterson\" \/>\n<meta property=\"article:modified_time\" content=\"2025-07-08T09:58:53+00:00\" \/>\n<meta name=\"twitter:card\" content=\"summary_large_image\" \/>\n<meta name=\"twitter:label1\" content=\"Est. reading time\" \/>\n\t<meta name=\"twitter:data1\" content=\"1 minute\" \/>\n<script type=\"application\/ld+json\" class=\"yoast-schema-graph\">{\"@context\":\"https:\\\/\\\/schema.org\",\"@graph\":[{\"@type\":\"WebPage\",\"@id\":\"https:\\\/\\\/www.fundacioncristinamasaveu.com\\\/en\\\/centres\\\/\",\"url\":\"https:\\\/\\\/www.fundacioncristinamasaveu.com\\\/en\\\/centres\\\/\",\"name\":\"CENTRES - Fundaci\u00f3n Maria Cristina Masaveu Peterson\",\"isPartOf\":{\"@id\":\"https:\\\/\\\/www.fundacioncristinamasaveu.com\\\/#website\"},\"datePublished\":\"2019-09-16T16:28:37+00:00\",\"dateModified\":\"2025-07-08T09:58:53+00:00\",\"breadcrumb\":{\"@id\":\"https:\\\/\\\/www.fundacioncristinamasaveu.com\\\/en\\\/centres\\\/#breadcrumb\"},\"inLanguage\":\"en-US\",\"potentialAction\":[{\"@type\":\"ReadAction\",\"target\":[\"https:\\\/\\\/www.fundacioncristinamasaveu.com\\\/en\\\/centres\\\/\"]}]},{\"@type\":\"BreadcrumbList\",\"@id\":\"https:\\\/\\\/www.fundacioncristinamasaveu.com\\\/en\\\/centres\\\/#breadcrumb\",\"itemListElement\":[{\"@type\":\"ListItem\",\"position\":1,\"name\":\"Portada\",\"item\":\"https:\\\/\\\/www.fundacioncristinamasaveu.com\\\/en\\\/\"},{\"@type\":\"ListItem\",\"position\":2,\"name\":\"CENTRES\"}]},{\"@type\":\"WebSite\",\"@id\":\"https:\\\/\\\/www.fundacioncristinamasaveu.com\\\/#website\",\"url\":\"https:\\\/\\\/www.fundacioncristinamasaveu.com\\\/\",\"name\":\"Fundaci\u00f3n Maria Cristina Masaveu Peterson\",\"description\":\"Web Fundaci\u00f3n Cristina Masaveu\",\"potentialAction\":[{\"@type\":\"SearchAction\",\"target\":{\"@type\":\"EntryPoint\",\"urlTemplate\":\"https:\\\/\\\/www.fundacioncristinamasaveu.com\\\/?s={search_term_string}\"},\"query-input\":{\"@type\":\"PropertyValueSpecification\",\"valueRequired\":true,\"valueName\":\"search_term_string\"}}],\"inLanguage\":\"en-US\"}]}<\/script>\n<!-- \/ Yoast SEO plugin. -->","yoast_head_json":{"title":"CENTRES - Fundaci\u00f3n Maria Cristina Masaveu Peterson","robots":{"index":"index","follow":"follow","max-snippet":"max-snippet:-1","max-image-preview":"max-image-preview:large","max-video-preview":"max-video-preview:-1"},"canonical":"https:\/\/www.fundacioncristinamasaveu.com\/en\/centres\/","og_locale":"en_US","og_type":"article","og_title":"CENTRES - Fundaci\u00f3n Maria Cristina Masaveu Peterson","og_url":"https:\/\/www.fundacioncristinamasaveu.com\/en\/centres\/","og_site_name":"Fundaci\u00f3n Maria Cristina Masaveu Peterson","article_modified_time":"2025-07-08T09:58:53+00:00","twitter_card":"summary_large_image","twitter_misc":{"Est. reading time":"1 minute"},"schema":{"@context":"https:\/\/schema.org","@graph":[{"@type":"WebPage","@id":"https:\/\/www.fundacioncristinamasaveu.com\/en\/centres\/","url":"https:\/\/www.fundacioncristinamasaveu.com\/en\/centres\/","name":"CENTRES - Fundaci\u00f3n Maria Cristina Masaveu Peterson","isPartOf":{"@id":"https:\/\/www.fundacioncristinamasaveu.com\/#website"},"datePublished":"2019-09-16T16:28:37+00:00","dateModified":"2025-07-08T09:58:53+00:00","breadcrumb":{"@id":"https:\/\/www.fundacioncristinamasaveu.com\/en\/centres\/#breadcrumb"},"inLanguage":"en-US","potentialAction":[{"@type":"ReadAction","target":["https:\/\/www.fundacioncristinamasaveu.com\/en\/centres\/"]}]},{"@type":"BreadcrumbList","@id":"https:\/\/www.fundacioncristinamasaveu.com\/en\/centres\/#breadcrumb","itemListElement":[{"@type":"ListItem","position":1,"name":"Portada","item":"https:\/\/www.fundacioncristinamasaveu.com\/en\/"},{"@type":"ListItem","position":2,"name":"CENTRES"}]},{"@type":"WebSite","@id":"https:\/\/www.fundacioncristinamasaveu.com\/#website","url":"https:\/\/www.fundacioncristinamasaveu.com\/","name":"Fundaci\u00f3n Maria Cristina Masaveu Peterson","description":"Web Fundaci\u00f3n Cristina Masaveu","potentialAction":[{"@type":"SearchAction","target":{"@type":"EntryPoint","urlTemplate":"https:\/\/www.fundacioncristinamasaveu.com\/?s={search_term_string}"},"query-input":{"@type":"PropertyValueSpecification","valueRequired":true,"valueName":"search_term_string"}}],"inLanguage":"en-US"}]}},"_links":{"self":[{"href":"https:\/\/www.fundacioncristinamasaveu.com\/en\/wp-json\/wp\/v2\/pages\/37241","targetHints":{"allow":["GET"]}}],"collection":[{"href":"https:\/\/www.fundacioncristinamasaveu.com\/en\/wp-json\/wp\/v2\/pages"}],"about":[{"href":"https:\/\/www.fundacioncristinamasaveu.com\/en\/wp-json\/wp\/v2\/types\/page"}],"author":[{"embeddable":true,"href":"https:\/\/www.fundacioncristinamasaveu.com\/en\/wp-json\/wp\/v2\/users\/1"}],"replies":[{"embeddable":true,"href":"https:\/\/www.fundacioncristinamasaveu.com\/en\/wp-json\/wp\/v2\/comments?post=37241"}],"version-history":[{"count":9,"href":"https:\/\/www.fundacioncristinamasaveu.com\/en\/wp-json\/wp\/v2\/pages\/37241\/revisions"}],"predecessor-version":[{"id":79105,"href":"https:\/\/www.fundacioncristinamasaveu.com\/en\/wp-json\/wp\/v2\/pages\/37241\/revisions\/79105"}],"wp:attachment":[{"href":"https:\/\/www.fundacioncristinamasaveu.com\/en\/wp-json\/wp\/v2\/media?parent=37241"}],"curies":[{"name":"wp","href":"https:\/\/api.w.org\/{rel}","templated":true}]}}