{"id":31635,"date":"2016-11-17T12:41:06","date_gmt":"2016-11-17T11:41:06","guid":{"rendered":"https:\/\/www.fundacioncristinamasaveu.com\/?page_id=31635"},"modified":"2025-06-18T16:24:11","modified_gmt":"2025-06-18T15:24:11","slug":"academic-assessment-committee","status":"publish","type":"page","link":"https:\/\/www.fundacioncristinamasaveu.com\/en\/foundation\/the-foundation\/about-us\/academic-assessment-committee\/","title":{"rendered":"ACADEMIC ASSESSMENT COMMITTEE"},"content":{"rendered":"<section class=\"l-section wpb_row height_auto\" id=\"contenedor_info\"><div class=\"l-section-h i-cf\"><div class=\"g-cols vc_row via_flex valign_middle type_default stacking_default\"><div class=\"vc_col-sm-12 wpb_column vc_column_container\"><div class=\"vc_column-inner\"><div class=\"wpb_wrapper\"><div class=\"w-separator size_small\"><\/div><div class=\"wpb_text_column\"><div class=\"wpb_wrapper\"><nav class=\"g-breadcrumbs separator_icon align_none\" itemscope itemtype=\"http:\/\/schema.org\/BreadcrumbList\"><div class=\"g-breadcrumbs-item\" itemscope itemprop=\"itemListElement\" itemtype=\"http:\/\/schema.org\/ListItem\"><a itemprop=\"item\" href=\"https:\/\/www.fundacioncristinamasaveu.com\/en\/\"><span itemprop=\"name\">Home<\/span><\/a><meta itemprop=\"position\" content=\"1\"\/><\/div><div class=\"g-breadcrumbs-separator\"><i class=\"far fa-angle-right\"><\/i><\/div><div class=\"g-breadcrumbs-item\">Pages<\/div><\/nav>\n<\/div><\/div><div class=\"w-separator size_small\"><\/div>[vc_custom_heading source=&#8221;post_title&#8221; font_container=&#8221;tag:h3|text_align:left&#8221; use_theme_fonts=&#8221;yes&#8221; el_class=&#8221;tituloSeccion&#8221;]<div class=\"w-separator size_small\"><\/div><div class=\"wpb_text_column\"><div class=\"wpb_wrapper\"><h6>MAR\u00cdA CRISTINA MASAVEU PETERSON UNIVERSITY DEGREE<br \/>\n<span style=\"color: #aaaaaa;\">MEMBERS OF THE ACADEMIC ASSESSMENT COMMITTEE<\/span><\/h6>\n<\/div><\/div><div class=\"wpb_text_column texto_comites\"><div class=\"wpb_wrapper\"><h6 class=\"titulo_raya_verde\">HUMANITIES AREA<\/h6>\n<ul>\n<li>Prof\u00aa. Dra. Carmen Bermejo Lorenzo<br \/>\nSenior Lecturer. Field: ART HISTORY. Universidad de Oviedo<\/li>\n<li>Prof. Dr. Agust\u00edn Coletes Blanco<br \/>\nFull Professor. Field: ANGLO-GERMANIC AND FRENCH PHILOLOGY. Universidad de Oviedo<\/li>\n<li>Prof\u00aa. Dra. Ana Mar\u00eda Fern\u00e1ndez Garc\u00eda<br \/>\nSenior Lecturer. Field: ART HISTORY. Universidad de Oviedo<\/li>\n<li>Prof. Dr. Rafael \u00c1ngel N\u00fa\u00f1ez Ramos<br \/>\nFull Professor. Field: THEORY OF LITERATURE AND COMPARATIVE LITERATURE. Universidad de Oviedo<\/li>\n<li>Prof. Dr. Antonio Fern\u00e1ndez Insuela<br \/>\nFull Professor. Field: SPANISH LITERATURE. Universidad de Oviedo<\/li>\n<li>Prof. Dr. Jos\u00e9 Antonio L\u00f3pez Cerezo<br \/>\nFull Professor. Field: LOGIC AND PHILOSOPHY OF SCIENCE. Universidad de Oviedo<\/li>\n<li>Prof\u00aa. Dra. Marta Mateo Mart\u00ednez- Bartolom\u00e9<br \/>\nFull Professor. Field: ENGLISH PHILOLOGY. Universidad de Oviedo<\/li>\n<li>Prof. Dr. Jos\u00e9 Antonio Mart\u00ednez Garc\u00eda<br \/>\nFull Professor. Field: SPANISH LANGUAGE. Universidad de Oviedo<\/li>\n<li>Prof. Dr. Rafael \u00c1ngel N\u00fa\u00f1ez Ramos<br \/>\nFull Professor. Field: THEORY OF LITERATURE AND COMPARATIVE LITERATURE. Universidad de Oviedo<\/li>\n<li>Prof\u00aa. Dra. Inmaculada Urzainqui Miqueleiz<br \/>\nFull Professor. Field: SPANISH LITERATURE. Universidad de Oviedo<\/li>\n<li>Prof. Dr. Luis Vald\u00e9s Villanueva<br \/>\nFull Professor. Field: LOGIC AND PHILOSOPHY OF SCIENCE. Universidad de Oviedo<\/li>\n<\/ul>\n<h6 class=\"titulo_raya_verde\">EXPERIMENTAL SCIENCES AREA<\/h6>\n<ul>\n<li>Prof. Dr. Pedro Alonso Vel\u00e1zquez<br \/>\nFull Professor. Field: APPLIED MATHEMATICS. Universidad de Oviedo<\/li>\n<li>Prof. Dr. Jos\u00e9 \u00c1ngel Anquela Vicente<br \/>\nFull Professor. Field: ALGEBRA. Universidad de Oviedo<\/li>\n<li>Prof. Dr. Jes\u00fas \u00c1ngel Blanco Rodr\u00edguez<br \/>\nFull Professor. Field: CONDENSED MATTER PHYSICS. Universidad de Oviedo<\/li>\n<li>(\u2020) Prof. Dr. Jos\u00e9 Manuel Concell\u00f3n Garc\u00eda<br \/>\nFull Professor. Field: ORGANIC CHEMISTRY. Universidad de Oviedo<\/li>\n<li>Prof\u00aa. Dra. Mar\u00eda Teresa Cort\u00e9s Gracia<br \/>\nFull Professor. Field: ALGEBRA. Universidad de Oviedo<\/li>\n<li>Prof. Dr. Tom\u00e1s Emilio D\u00edaz Gonz\u00e1lez<br \/>\nFull Professor. Field: BOTANY. Universidad de Oviedo<\/li>\n<li>Prof. Dr. Jos\u00e9 Ignacio Garc\u00eda Alonso<br \/>\nFull Professor. Field: ANALYTIC CHEMISTRY. Universidad de Oviedo<\/li>\n<li>Prof. Dr. Santos Gonz\u00e1lez Jim\u00e9nez<br \/>\nFull Professor. Field: ALGEBRA. Universidad de Oviedo<\/li>\n<li>Prof\u00aa. Dra. Consuelo Mart\u00ednez L\u00f3pez<br \/>\nFull Professor. Field: ALGEBRA. Universidad de Oviedo<\/li>\n<li>Prof\u00aa. Dra. Mar\u00eda del Carmen M\u00e9ndez Fern\u00e1ndez<br \/>\nFull Professor. Field: MICROBIOLOGY. Universidad de Oviedo<\/li>\n<li>Prof. Dr. Jos\u00e9 Manuel Recio Mu\u00f1iz<br \/>\nFull Professor. Field: PHYSICAL CHEMISTRY. Universidad de Oviedo<\/li>\n<li>Prof. Dr. Jos\u00e9 Antonio Salas Fern\u00e1ndez<br \/>\nFull Professor. Field: MICROBIOLOGY. Universidad de Oviedo<\/li>\n<li>Prof\u00aa. Dra. Mar\u00eda Rosario Rodicio Rodicio<strong>.<br \/>\n<\/strong>Full Professor. Field: MICROBIOLOGY. Universidad de Oviedo<\/li>\n<\/ul>\n<h6 class=\"titulo_raya_verde\">LEGAL AND SOCIAL AREA<\/h6>\n<ul>\n<li>Prof. Dr. Belarmino Adenso D\u00edaz Fern\u00e1ndez<br \/>\nFull Professor. Field: MANAGEMENT. Universidad de Oviedo<\/li>\n<li>Prof\u00aa. Dra. Luc\u00eda Avella Camarero<br \/>\nFull Professor. Field: BUSINESS ADMINISTRATION. Universidad de Oviedo<\/li>\n<li>Prof. Dr. Ram\u00f3n Dur\u00e1n Rivacoba<br \/>\nFull Professor. Field: CIVIL LAW.. Universidad de Oviedo<\/li>\n<li>Prof. Dr. Esteban Fern\u00e1ndez S\u00e1nchez<br \/>\nFull Professor. Field: BUSINESS ADMINISTRATION. Universidad de Oviedo<\/li>\n<li>Prof. Dr. Rodolfo Guti\u00e9rrez Palacios<br \/>\nFull Professor. Field: SOCIOLOGY. Universidad de Oviedo<\/li>\n<li>Prof. Dr. Pablo Men\u00e9ndez Garc\u00eda<br \/>\nFull Professor. Field: ADMINISTRATIVE LAW. Universidad de Vigo<\/li>\n<li>Prof. Dr. Carlos Aurelio Monasterio Escudero<br \/>\nFull Professor. Field: APPLIED ECONOMICS. Universidad de Oviedo<\/li>\n<\/ul>\n<h6 class=\"titulo_raya_verde\">HEALTH SCIENCES AREA<\/h6>\n<ul>\n<li>Prof. Dr. Francisco V. \u00c1lvarez Men\u00e9ndez<br \/>\nFull Professor. Field: BIOCHEMISTRY. Universidad de Oviedo<\/li>\n<li>Prof\u00aa. Dra. Ana Isabel Baamonde Arbaiza<br \/>\nFull Professor. Field: PHARMACOLOGY. Universidad de Oviedo<\/li>\n<li>(\u2020) Prof. Dr. Manuel Crespo Hern\u00e1ndez<br \/>\nFull Professor. Field: PAEDIATRICS. Profesor Em\u00e9rito Universidad de Oviedo<\/li>\n<li>Prof. Dr. Radhames Hern\u00e1ndez Mej\u00eda<br \/>\nFull Professor. Field: PREVENTIVE MEDICINE &amp; PUBLIC HEALTH. Universidad de Oviedo<\/li>\n<li>Prof. Dr. Juan Sebasti\u00e1n L\u00f3pez Arranz y Arranz<br \/>\nFull Professor. Field: ORAL AND MAXILLOFACIAL SURGERY. Universidad de Oviedo<\/li>\n<li>Prof\u00aa. Dra. Mar\u00eda \u00c1ngeles Men\u00e9ndez Patterson<br \/>\nFull Professor. Field: PHYSIOLOGY. Universidad de Oviedo<\/li>\n<li>(\u2020) Prof. Dr. Fernando Eugenio Moreno Sanz<br \/>\nFull Professor. Field: BIOCHEMISTRY AND MOLECULAR BIOLOGY. Universidad de Oviedo<\/li>\n<li>Prof. Dr. Jos\u00e9 Mu\u00f1iz Fern\u00e1ndez<br \/>\nFull Professor. Field: BEHAVIOUR SCIENCES. Universidad de Oviedo<\/li>\n<li>Prof\u00aa. Dra. Mar\u00eda del Pilar de la Pe\u00f1a Cortines<br \/>\nFull Professor. Field: BIOCHEMISTRY AND MOLECULAR BIOLOGY. Universidad de Oviedo<\/li>\n<li>Prof. Dr. Juan Evaristo Su\u00e1rez Fern\u00e1ndez<br \/>\nFull Professor. Field: MICROBIOLOGY. Universidad de Oviedo<\/li>\n<\/ul>\n<h6 class=\"titulo_raya_verde\">ENGINEERING AND ARCHITECTURE AREA<\/h6>\n<ul>\n<li>Profa. Dra. Martina Inmaculada \u00c1lvarez Fern\u00e1ndez<br \/>\nFull Professor. Field: MINING OPERATIONS. Universidad de Oviedo<\/li>\n<li>Prof. Dr. Antonio Bahamonde Rionda<br \/>\nFull Professor. Field: COMPUTER SCIENCES AND ARTIFICIAL INTELLIGENCE. Universidad de Oviedo<\/li>\n<li>Prof. Dr. Francisco Javier Belzunce Varela<br \/>\nFull Professor. Field: MATERIAL SCIENCES AND METALLURGICAL ENGINEERING. Universidad de Oviedo<\/li>\n<li>Prof. Dr. Mario D\u00edaz Fern\u00e1ndez<br \/>\nFull Professor. Field: CHEMICAL ENGINEERING. Universidad de Oviedo<\/li>\n<li>Prof. Dr. Luis Escanciano Montouss\u00e9<br \/>\nEmeritus Professor. H.T.C. MINING ENGINEER. Universidad de Oviedo<\/li>\n<li>Prof. Dr. Alfonso Fern\u00e1ndez Canteli<br \/>\nFull Professor. Field: CONTINUOUS &amp; STRUCTURE THEORY Universidad de Oviedo<\/li>\n<li>Prof. Dr. Rafael Gonz\u00e1lez Ayestar\u00e1n<br \/>\nProfesor Titular de SIGNAL THEORY AND COMMUNICATIONS. Universidad de Oviedo<\/li>\n<li>Prof. Dr. Diego Gonz\u00e1lez Lamar<br \/>\nUniversity College Professor. Field: ELECTRONICS TECHNOLOGY.Universidad de Oviedo<\/li>\n<li>Prof. Dr. Celestino Gonz\u00e1lez Nicieza<br \/>\nFull Professor. Field: MINING INDUSTRY. Universidad de Oviedo<\/li>\n<li>Prof. Dr. Fernando Las-Heras Andr\u00e9s<br \/>\nFull Professor. Field: SIGNAL THEORY AND COMMUNICATIONS. Universidad de Oviedo<\/li>\n<li>Prof\u00aa. Dra. Mar\u00eda Elena Mara\u00f1\u00f3n Maison<br \/>\nFull Professor. Field: ENVIRONMENT TECHNOLOGY. Universidad de Oviedo<\/li>\n<li>Prof. Dr. Juan \u00c1ngel Mart\u00ednez Esteban<br \/>\nFull Professor. Field: ELECTRONIC TECHNOLOGY. Universidad de Oviedo<\/li>\n<li>Prof. Dr. Francisco Ortega Fern\u00e1ndez<br \/>\nFull Professor. Field: ENGINEERING PROJECTS. Universidad de Oviedo<\/li>\n<li>Prof\u00aa. Dra. Mar\u00eda Cristina Rodr\u00edguez Gonz\u00e1lez<br \/>\nFull Professor. Field: MECHANICS OF CONTINUOUS MEANS &amp; STRUCTURE THEORY. Universidad de Oviedo<\/li>\n<li>Prof. Dr. Marcos Rodr\u00edguez Pino<br \/>\nFull Professor. Field: SIGNAL THEORY AND COMMUNICATIONS. Universidad de Oviedo<\/li>\n<li>Prof. Dr. Luciano S\u00e1nchez Ramos<br \/>\nFull Professor. Field: COMPUTER SCIENCES AND ARTIFICIAL INTELLIGENCE. Universidad de Oviedo<\/li>\n<li>Prof. Dr. Francisco Javier Sebasti\u00e1n Z\u00fa\u00f1iga<br \/>\nFull Professor. Field: ELECTRONIC TECHNOLOGY. Universidad de Oviedo<\/li>\n<li>Prof. Dr. Francisco Jos\u00e9 Su\u00e1rez Alonso<br \/>\nSenior Lecturer. Field: COMPUTING ARCHITECTURE &amp; TECHNOLOGY. Universidad de Oviedo<\/li>\n<li>Prof. Dr. Ricardo Tucho Navarro<br \/>\nFull Professor. Field: MECHANIC ENGINEERING. Universidad de Oviedo<\/li>\n<\/ul>\n<h6 class=\"titulo_raya_verde\">COMMITTEE ON THE FIRST YEAR OF UNIVERSITY STUDIES<br \/>\n<span style=\"color: #aaaaaa;\">FORMER RECIPIENTS OF THE MAR\u00cdA CRISTINA MASAVEU PETERSON ACADEMIC EXCELLENCE SCHOLARSHIPS<\/span><\/h6>\n<ul>\n<li><strong>Arturo Aguado Gonz\u00e1lez<\/strong>. Bachelor\u2019s in BIOLOGY. Universidad de Oviedo. (B MCMP 2015-2018)<\/li>\n<li><strong>Pablo Alvargonz\u00e1lez Fern\u00e1ndez. (<\/strong>B MCMP 2013-2016)<\/li>\n<li><strong>Pablo Arq\u00fcelles Estrada<\/strong>. Bachelor\u2019s in MEDICINE. Universidad de Oviedo. (B MCMP 2015-2018)<\/li>\n<li><strong>Jer\u00f3nimo Ayesta L\u00f3pez<\/strong>. Bachelor\u2019s in PHILOSOPHY and JOURNALISM. (B MCMP 2016-2020)<\/li>\n<li><strong>Santiago Bab\u00edo Fern\u00e1ndez<\/strong>.Bachelor\u2019s in AEROSPACE ENGINEERING. (B MCMP 2016-2019)<\/li>\n<li><strong>Clea B\u00e1rcena Fern\u00e1ndez<\/strong>. Bachelor\u2019s in BIOLOGY. Universidad de Oviedo. (B MCMP 2008-2010)<\/li>\n<li><strong>Dido Carrero Mu\u00f1iz<\/strong>. Bachelor\u2019s in BIOLOGY. Universidad de Oviedo. (B MCMP 2014-2016)<\/li>\n<li><strong>Laura Casielles Hern\u00e1ndez<\/strong>. Bachelor\u2019s in PHILOSOPHY and JOURNALISM. Universidad Complutense de Madrid. (B MCMP 2008-2009)<\/li>\n<li><strong>Marcos Caso Huerta<\/strong>. (B MCMP 2016-18)<\/li>\n<li><strong>Eva Crespo Le\u00f3n<\/strong>. Bachelor\u2019s in HISTORY. Universidad de Oviedo. (B MCMP 2011-2014)<\/li>\n<li><strong>Carlos Cuesta Requena<\/strong>. PHd. INDUSTRIAL ENGINEERING. Universidad de Oviedo. (B MCMP 2008-2009)<\/li>\n<li><strong>\u00c1lvaro de Vicente Blanco<\/strong>. Bachelor\u2019s in MEDICINE. Universidad Complutense de Madrid. (B MCMP 2012-2018)<\/li>\n<li><strong>Carlos D\u00edaz Santos<\/strong>. Bachelor\u2019s in HISTORY. Universidad de Oviedo.\u00a0 (B MCMP 2018-2021)<\/li>\n<li><strong>Fernando Gallego Bordallo<\/strong>. Bachelor\u2019s in ENGINEERING, SPECIALISATION IN ELECTRONICS AND AUTOMATION. Universidad de Oviedo. (B MCMP 2008-2012)<\/li>\n<li><strong>Mar\u00eda Garc\u00eda Fern\u00e1ndez<\/strong>. Bachelor\u2019s in ENGINEERING IN TELECOMMUNICATION TECHNOLOGIES AND SERVICES. (B MCMP 2012-2014)<\/li>\n<li><strong>Manuela Gamonal Fern\u00e1ndez<\/strong>. Bachelor\u2019s in MATHEMATICAL ENGINEERING. Universidad Complutense de Madrid. (B MCMP 2015-2017)<\/li>\n<li><strong>Mar\u00eda Garc\u00eda D\u00edaz<\/strong>. Bachelor\u2019s in PHYSICS. Universidad de Oviedo. (B MCMP 2012-2014)<\/li>\n<li><strong>Rodrigo Guijarro Lasheras<\/strong>. Bachelor\u2019s in SPANISH PHILOLOGY. Universidad de Oviedo. (B MCMP 2009-2013)<\/li>\n<li><strong>Antonio Hedrera Fern\u00e1ndez<\/strong>. Bachelor\u2019s in MEDICINE. Universidad de Oviedo. (B MCMP 2008-2010)<\/li>\n<li><strong>Sergio L\u00f3pez \u00c1lvarez<\/strong>. Double degree in JOURNALISM AND AUDIOVISUAL COMMUNICATION. Universidad Carlos III de Madrid. (B MCMP 2016-2021)<\/li>\n<li><strong>Rebeca Lorca Guti\u00e9rrez<\/strong>. Bachelor\u2019s in MEDICINE. Universidad de Oviedo. (B MCMP 2009-2012)<\/li>\n<li><strong>Iy\u00e1n M\u00e9ndez Veiga<\/strong>. Bachelor\u2019s in PHYSICS. Universidad de Oviedo. (B MCMP 2013-2016)<\/li>\n<li><strong>(\u2020) Rub\u00e9n Perea Molleda<\/strong>. Double Degree in BUSINESS ADMINISTRATION, MANAGEMENT and LAW. Universidad de Oviedo. (B MCMP 2015-2017)<\/li>\n<li><strong>Enrique Rodr\u00edguez Fern\u00e1ndez Hidalgo<\/strong>. Bachelor\u2019s in LAW AND BUSINESS ADMINISTRATION. Degree of POLITICAL STUDIES diploma. University of Navarra. (B MCMP 2010-2012)<\/li>\n<li><strong>Olaya Su\u00e1rez Magdalena<\/strong>. Bachelor\u2019s in MEDICINE. Universidad de Oviedo. (B MCMP 2008-2014)<\/li>\n<li><strong>Juan Pedro Valbuena Fern\u00e1ndez<\/strong>. Bachelor\u2019s in BIOLOGY. Universidad de Oviedo. (B MCMP 2015-2016)<\/li>\n<li style=\"font-weight: 400;\"><span><strong>Aitor del Rivero Cort\u00e1zar<\/strong> (B MCMP 2016-2019)<\/span><\/li>\n<\/ul>\n<\/div><\/div><div class=\"w-separator size_small\"><\/div><\/div><\/div><\/div><\/div><\/div><\/section>\n<div class=\"gsp_post_data\" \r\n\t            data-post_type=\"page\" \r\n\t            data-cat=\"\" \r\n\t            data-modified=\"120\"\r\n\t            data-created=\"1479386466\"\r\n\t            data-title=\"ACADEMIC ASSESSMENT COMMITTEE\" \r\n\t            data-home=\"https:\/\/www.fundacioncristinamasaveu.com\/en\/\"><\/div>","protected":false},"excerpt":{"rendered":"HomePages [vc_custom_heading source=\"post_title\" font_container=\"tag:h3|text_align:left\" use_theme_fonts=\"yes\" el_class=\"tituloSeccion\"]MAR\u00cdA CRISTINA MASAVEU PETERSON UNIVERSITY DEGREE MEMBERS OF THE ACADEMIC ASSESSMENT COMMITTEE HUMANITIES AREA Prof\u00aa. Dra. Carmen Bermejo Lorenzo Senior Lecturer. Field: ART HISTORY. Universidad de Oviedo Prof. Dr. Agust\u00edn Coletes Blanco Full Professor. Field: ANGLO-GERMANIC AND FRENCH PHILOLOGY. Universidad de Oviedo Prof\u00aa. Dra. Ana Mar\u00eda Fern\u00e1ndez Garc\u00eda Senior Lecturer....","protected":false},"author":1,"featured_media":0,"parent":4624,"menu_order":0,"comment_status":"closed","ping_status":"closed","template":"","meta":{"_acf_changed":false,"footnotes":"","_links_to":"","_links_to_target":""},"class_list":["post-31635","page","type-page","status-publish","hentry"],"acf":[],"yoast_head":"<!-- This site is optimized with the Yoast SEO plugin v27.3 - https:\/\/yoast.com\/product\/yoast-seo-wordpress\/ -->\n<title>ACADEMIC ASSESSMENT COMMITTEE - Fundaci\u00f3n Maria Cristina Masaveu Peterson<\/title>\n<meta name=\"robots\" content=\"index, follow, max-snippet:-1, max-image-preview:large, max-video-preview:-1\" \/>\n<link rel=\"canonical\" href=\"https:\/\/www.fundacioncristinamasaveu.com\/en\/foundation\/the-foundation\/about-us\/academic-assessment-committee\/\" \/>\n<meta property=\"og:locale\" content=\"en_US\" \/>\n<meta property=\"og:type\" content=\"article\" \/>\n<meta property=\"og:title\" content=\"ACADEMIC ASSESSMENT COMMITTEE - Fundaci\u00f3n Maria Cristina Masaveu Peterson\" \/>\n<meta property=\"og:url\" content=\"https:\/\/www.fundacioncristinamasaveu.com\/en\/foundation\/the-foundation\/about-us\/academic-assessment-committee\/\" \/>\n<meta property=\"og:site_name\" content=\"Fundaci\u00f3n Maria Cristina Masaveu Peterson\" \/>\n<meta property=\"article:modified_time\" content=\"2025-06-18T15:24:11+00:00\" \/>\n<meta name=\"twitter:card\" content=\"summary_large_image\" \/>\n<meta name=\"twitter:label1\" content=\"Est. reading time\" \/>\n\t<meta name=\"twitter:data1\" content=\"5 minutes\" \/>\n<script type=\"application\/ld+json\" class=\"yoast-schema-graph\">{\"@context\":\"https:\\\/\\\/schema.org\",\"@graph\":[{\"@type\":\"WebPage\",\"@id\":\"https:\\\/\\\/www.fundacioncristinamasaveu.com\\\/en\\\/foundation\\\/the-foundation\\\/about-us\\\/academic-assessment-committee\\\/\",\"url\":\"https:\\\/\\\/www.fundacioncristinamasaveu.com\\\/en\\\/foundation\\\/the-foundation\\\/about-us\\\/academic-assessment-committee\\\/\",\"name\":\"ACADEMIC ASSESSMENT COMMITTEE - Fundaci\u00f3n Maria Cristina Masaveu Peterson\",\"isPartOf\":{\"@id\":\"https:\\\/\\\/www.fundacioncristinamasaveu.com\\\/#website\"},\"datePublished\":\"2016-11-17T11:41:06+00:00\",\"dateModified\":\"2025-06-18T15:24:11+00:00\",\"breadcrumb\":{\"@id\":\"https:\\\/\\\/www.fundacioncristinamasaveu.com\\\/en\\\/foundation\\\/the-foundation\\\/about-us\\\/academic-assessment-committee\\\/#breadcrumb\"},\"inLanguage\":\"en-US\",\"potentialAction\":[{\"@type\":\"ReadAction\",\"target\":[\"https:\\\/\\\/www.fundacioncristinamasaveu.com\\\/en\\\/foundation\\\/the-foundation\\\/about-us\\\/academic-assessment-committee\\\/\"]}]},{\"@type\":\"BreadcrumbList\",\"@id\":\"https:\\\/\\\/www.fundacioncristinamasaveu.com\\\/en\\\/foundation\\\/the-foundation\\\/about-us\\\/academic-assessment-committee\\\/#breadcrumb\",\"itemListElement\":[{\"@type\":\"ListItem\",\"position\":1,\"name\":\"Portada\",\"item\":\"https:\\\/\\\/www.fundacioncristinamasaveu.com\\\/en\\\/\"},{\"@type\":\"ListItem\",\"position\":2,\"name\":\"FOUNDATION\",\"item\":\"https:\\\/\\\/www.fundacioncristinamasaveu.com\\\/en\\\/foundation\\\/\"},{\"@type\":\"ListItem\",\"position\":3,\"name\":\"THE FOUNDATION\",\"item\":\"https:\\\/\\\/www.fundacioncristinamasaveu.com\\\/en\\\/foundation\\\/the-foundation\\\/\"},{\"@type\":\"ListItem\",\"position\":4,\"name\":\"ABOUT US\",\"item\":\"https:\\\/\\\/www.fundacioncristinamasaveu.com\\\/en\\\/foundation\\\/the-foundation\\\/about-us\\\/\"},{\"@type\":\"ListItem\",\"position\":5,\"name\":\"ACADEMIC ASSESSMENT COMMITTEE\"}]},{\"@type\":\"WebSite\",\"@id\":\"https:\\\/\\\/www.fundacioncristinamasaveu.com\\\/#website\",\"url\":\"https:\\\/\\\/www.fundacioncristinamasaveu.com\\\/\",\"name\":\"Fundaci\u00f3n Maria Cristina Masaveu Peterson\",\"description\":\"Web Fundaci\u00f3n Cristina Masaveu\",\"potentialAction\":[{\"@type\":\"SearchAction\",\"target\":{\"@type\":\"EntryPoint\",\"urlTemplate\":\"https:\\\/\\\/www.fundacioncristinamasaveu.com\\\/?s={search_term_string}\"},\"query-input\":{\"@type\":\"PropertyValueSpecification\",\"valueRequired\":true,\"valueName\":\"search_term_string\"}}],\"inLanguage\":\"en-US\"}]}<\/script>\n<!-- \/ Yoast SEO plugin. -->","yoast_head_json":{"title":"ACADEMIC ASSESSMENT COMMITTEE - Fundaci\u00f3n Maria Cristina Masaveu Peterson","robots":{"index":"index","follow":"follow","max-snippet":"max-snippet:-1","max-image-preview":"max-image-preview:large","max-video-preview":"max-video-preview:-1"},"canonical":"https:\/\/www.fundacioncristinamasaveu.com\/en\/foundation\/the-foundation\/about-us\/academic-assessment-committee\/","og_locale":"en_US","og_type":"article","og_title":"ACADEMIC ASSESSMENT COMMITTEE - Fundaci\u00f3n Maria Cristina Masaveu Peterson","og_url":"https:\/\/www.fundacioncristinamasaveu.com\/en\/foundation\/the-foundation\/about-us\/academic-assessment-committee\/","og_site_name":"Fundaci\u00f3n Maria Cristina Masaveu Peterson","article_modified_time":"2025-06-18T15:24:11+00:00","twitter_card":"summary_large_image","twitter_misc":{"Est. reading time":"5 minutes"},"schema":{"@context":"https:\/\/schema.org","@graph":[{"@type":"WebPage","@id":"https:\/\/www.fundacioncristinamasaveu.com\/en\/foundation\/the-foundation\/about-us\/academic-assessment-committee\/","url":"https:\/\/www.fundacioncristinamasaveu.com\/en\/foundation\/the-foundation\/about-us\/academic-assessment-committee\/","name":"ACADEMIC ASSESSMENT COMMITTEE - Fundaci\u00f3n Maria Cristina Masaveu Peterson","isPartOf":{"@id":"https:\/\/www.fundacioncristinamasaveu.com\/#website"},"datePublished":"2016-11-17T11:41:06+00:00","dateModified":"2025-06-18T15:24:11+00:00","breadcrumb":{"@id":"https:\/\/www.fundacioncristinamasaveu.com\/en\/foundation\/the-foundation\/about-us\/academic-assessment-committee\/#breadcrumb"},"inLanguage":"en-US","potentialAction":[{"@type":"ReadAction","target":["https:\/\/www.fundacioncristinamasaveu.com\/en\/foundation\/the-foundation\/about-us\/academic-assessment-committee\/"]}]},{"@type":"BreadcrumbList","@id":"https:\/\/www.fundacioncristinamasaveu.com\/en\/foundation\/the-foundation\/about-us\/academic-assessment-committee\/#breadcrumb","itemListElement":[{"@type":"ListItem","position":1,"name":"Portada","item":"https:\/\/www.fundacioncristinamasaveu.com\/en\/"},{"@type":"ListItem","position":2,"name":"FOUNDATION","item":"https:\/\/www.fundacioncristinamasaveu.com\/en\/foundation\/"},{"@type":"ListItem","position":3,"name":"THE FOUNDATION","item":"https:\/\/www.fundacioncristinamasaveu.com\/en\/foundation\/the-foundation\/"},{"@type":"ListItem","position":4,"name":"ABOUT US","item":"https:\/\/www.fundacioncristinamasaveu.com\/en\/foundation\/the-foundation\/about-us\/"},{"@type":"ListItem","position":5,"name":"ACADEMIC ASSESSMENT COMMITTEE"}]},{"@type":"WebSite","@id":"https:\/\/www.fundacioncristinamasaveu.com\/#website","url":"https:\/\/www.fundacioncristinamasaveu.com\/","name":"Fundaci\u00f3n Maria Cristina Masaveu Peterson","description":"Web Fundaci\u00f3n Cristina Masaveu","potentialAction":[{"@type":"SearchAction","target":{"@type":"EntryPoint","urlTemplate":"https:\/\/www.fundacioncristinamasaveu.com\/?s={search_term_string}"},"query-input":{"@type":"PropertyValueSpecification","valueRequired":true,"valueName":"search_term_string"}}],"inLanguage":"en-US"}]}},"_links":{"self":[{"href":"https:\/\/www.fundacioncristinamasaveu.com\/en\/wp-json\/wp\/v2\/pages\/31635","targetHints":{"allow":["GET"]}}],"collection":[{"href":"https:\/\/www.fundacioncristinamasaveu.com\/en\/wp-json\/wp\/v2\/pages"}],"about":[{"href":"https:\/\/www.fundacioncristinamasaveu.com\/en\/wp-json\/wp\/v2\/types\/page"}],"author":[{"embeddable":true,"href":"https:\/\/www.fundacioncristinamasaveu.com\/en\/wp-json\/wp\/v2\/users\/1"}],"replies":[{"embeddable":true,"href":"https:\/\/www.fundacioncristinamasaveu.com\/en\/wp-json\/wp\/v2\/comments?post=31635"}],"version-history":[{"count":12,"href":"https:\/\/www.fundacioncristinamasaveu.com\/en\/wp-json\/wp\/v2\/pages\/31635\/revisions"}],"predecessor-version":[{"id":78597,"href":"https:\/\/www.fundacioncristinamasaveu.com\/en\/wp-json\/wp\/v2\/pages\/31635\/revisions\/78597"}],"up":[{"embeddable":true,"href":"https:\/\/www.fundacioncristinamasaveu.com\/en\/wp-json\/wp\/v2\/pages\/4624"}],"wp:attachment":[{"href":"https:\/\/www.fundacioncristinamasaveu.com\/en\/wp-json\/wp\/v2\/media?parent=31635"}],"curies":[{"name":"wp","href":"https:\/\/api.w.org\/{rel}","templated":true}]}}